{"id":2702,"date":"2024-05-26T19:43:31","date_gmt":"2024-05-26T19:43:31","guid":{"rendered":"https:\/\/trafficangel-qqzv.temp-dns.com\/?post_type=product&#038;p=2702"},"modified":"2025-10-20T10:23:33","modified_gmt":"2025-10-20T10:23:33","slug":"progresivni-varnostni-sistem-trafficangel-mois-bsis-3-palcni-sistem-kamer-z-umetno-inteligenco-volan-na-levi-strani","status":"publish","type":"product","link":"https:\/\/www.trafficangel.co.uk\/sl\/izdelek-2\/progresivni-varnostni-sistem-trafficangel-mois-bsis-3-palcni-sistem-kamer-z-umetno-inteligenco-volan-na-levi-strani\/","title":{"rendered":"TrafficAngel Progressive Safe System MOIS + BSIS 3 x sistem kamer AI \u2013 volan na levi strani"},"content":{"rendered":"<p style=\"font-weight: 400;\">The <strong>TrafficAngel <a href=\"https:\/\/www.trafficangel.co.uk\/sl\/progresivni-varnostni-sistem-2024\/\" target=\"_blank\" rel=\"noopener\">Progresivni varni sistem<\/a><\/strong> obsega 3 x AI kamere (1 x sprednja, 1 x kotna in 1 x stranska), 1 x stranski zaslon, 1 x bli\u017enji zaslon, 1 x krmilna enota, 1 x \u017eiroskop\/GPS modul, ki ob vgradnji izpolnjuje vse zahteve, ki jih dolo\u010da TfL v svoji najnovej\u0161i dokumentaciji o PSS\/BSIS\/MOIS vklju\u010duje razlikovanje med pohi\u0161tvom za pe\u0161ce in uli\u010dno opremo ter zvo\u010dnim opozorilom, ki ostane tiho, ko ni zaznane nevarnosti za ranljivega udele\u017eenca v prometu (VRU), medtem ko je v obmo\u010dju zaznavanja.<\/p>\n<p>Za preprost opis delovanja sistema pojdite tukaj. Ali pa preberite celoten vodnik na PSS go <a href=\"https:\/\/trafficangel.co.uk\/wp-content\/uploads\/2024\/04\/TAPPS-Summary.pdf\" target=\"_blank\" rel=\"noopener\">tukaj<\/a>.<\/p>","protected":false},"excerpt":{"rendered":"<p>The <strong>Progresivni varnostni sistem TrafficAngel<\/strong> obsega 3 x AI kamere (1 x sprednja, 1 x kotna in 1 x stranska), 1 x stranski zaslon, 1 x bli\u017enji zaslon, 1 x krmilna enota, 1 x \u017eiroskop\/GPS modul, ki ob vgradnji izpolnjuje vse zahteve, ki jih dolo\u010da TfL v svoji najnovej\u0161i dokumentaciji o PSS\/BSIS\/MOIS vklju\u010duje razlikovanje med pohi\u0161tvom za pe\u0161ce in uli\u010dno opremo ter zvo\u010dnim opozorilom, ki ostane tiho, ko ni zaznane nevarnosti za ranljivega udele\u017eenca v prometu (VRU), medtem ko je v obmo\u010dju zaznavanja.<\/p>","protected":false},"featured_media":2933,"template":"","meta":{"_acf_changed":false},"product_cat":[53,84],"product_tag":[],"class_list":{"0":"post-2702","1":"product","2":"type-product","3":"status-publish","4":"has-post-thumbnail","6":"product_cat-progressive-safe-system","7":"product_cat-pss-solutions","9":"first","10":"instock","11":"taxable","12":"shipping-taxable","13":"purchasable","14":"product-type-simple"},"acf":[],"_links":{"self":[{"href":"https:\/\/www.trafficangel.co.uk\/sl\/wp-json\/wp\/v2\/product\/2702","targetHints":{"allow":["GET"]}}],"collection":[{"href":"https:\/\/www.trafficangel.co.uk\/sl\/wp-json\/wp\/v2\/product"}],"about":[{"href":"https:\/\/www.trafficangel.co.uk\/sl\/wp-json\/wp\/v2\/types\/product"}],"wp:featuredmedia":[{"embeddable":true,"href":"https:\/\/www.trafficangel.co.uk\/sl\/wp-json\/wp\/v2\/media\/2933"}],"wp:attachment":[{"href":"https:\/\/www.trafficangel.co.uk\/sl\/wp-json\/wp\/v2\/media?parent=2702"}],"wp:term":[{"taxonomy":"product_cat","embeddable":true,"href":"https:\/\/www.trafficangel.co.uk\/sl\/wp-json\/wp\/v2\/product_cat?post=2702"},{"taxonomy":"product_tag","embeddable":true,"href":"https:\/\/www.trafficangel.co.uk\/sl\/wp-json\/wp\/v2\/product_tag?post=2702"}],"curies":[{"name":"wp","href":"https:\/\/api.w.org\/{rel}","templated":true}]}}