{"id":2474,"date":"2024-04-30T20:01:53","date_gmt":"2024-04-30T20:01:53","guid":{"rendered":"https:\/\/trafficangel-qqzv.temp-dns.com\/?post_type=product&#038;p=2474"},"modified":"2024-10-23T11:16:35","modified_gmt":"2024-10-23T11:16:35","slug":"komplet-ozicenja-za-novo-serijo-man-tg","status":"publish","type":"product","link":"https:\/\/www.trafficangel.co.uk\/sl\/izdelek-2\/komplet-ozicenja-za-novo-serijo-man-tg\/","title":{"rendered":"Komplet o\u017ei\u010denja za novo serijo MAN TG"},"content":{"rendered":"","protected":false},"excerpt":{"rendered":"<p>Komplet o\u017ei\u010denja za novo serijo MAN TG<\/p>","protected":false},"featured_media":2468,"template":"","meta":{"_acf_changed":false},"product_cat":[902],"product_tag":[],"class_list":{"0":"post-2474","1":"product","2":"type-product","3":"status-publish","4":"has-post-thumbnail","6":"product_cat-wiring-kits","8":"first","9":"instock","10":"taxable","11":"shipping-taxable","12":"purchasable","13":"product-type-simple"},"acf":[],"_links":{"self":[{"href":"https:\/\/www.trafficangel.co.uk\/sl\/wp-json\/wp\/v2\/product\/2474","targetHints":{"allow":["GET"]}}],"collection":[{"href":"https:\/\/www.trafficangel.co.uk\/sl\/wp-json\/wp\/v2\/product"}],"about":[{"href":"https:\/\/www.trafficangel.co.uk\/sl\/wp-json\/wp\/v2\/types\/product"}],"wp:featuredmedia":[{"embeddable":true,"href":"https:\/\/www.trafficangel.co.uk\/sl\/wp-json\/wp\/v2\/media\/2468"}],"wp:attachment":[{"href":"https:\/\/www.trafficangel.co.uk\/sl\/wp-json\/wp\/v2\/media?parent=2474"}],"wp:term":[{"taxonomy":"product_cat","embeddable":true,"href":"https:\/\/www.trafficangel.co.uk\/sl\/wp-json\/wp\/v2\/product_cat?post=2474"},{"taxonomy":"product_tag","embeddable":true,"href":"https:\/\/www.trafficangel.co.uk\/sl\/wp-json\/wp\/v2\/product_tag?post=2474"}],"curies":[{"name":"wp","href":"https:\/\/api.w.org\/{rel}","templated":true}]}}