{"id":1705,"date":"2024-01-19T12:50:46","date_gmt":"2024-01-19T12:50:46","guid":{"rendered":"https:\/\/trafficangel-qqzv.temp-dns.com\/product\/trafficangel-safe-system-side-display-housing-for-a-pillar\/"},"modified":"2025-10-20T10:35:13","modified_gmt":"2025-10-20T10:35:13","slug":"ohisje-stranskega-zaslona-za-stebricek-progresivnega-varnostnega-sistema-trafficangel","status":"publish","type":"product","link":"https:\/\/www.trafficangel.co.uk\/sl\/izdelek-2\/ohisje-stranskega-zaslona-za-stebricek-progresivnega-varnostnega-sistema-trafficangel\/","title":{"rendered":"Ohi\u0161je stranskega zaslona za A-stebri\u010dek za sistem TrafficAngel Progressive Safe"},"content":{"rendered":"<p>Na\u0161e ohi\u0161je stranskega zaslona za pritrditev na A-stebri\u010dek na sovoznikovi strani. TrafficAngel naredi na\u0161 interni dizajn <a href=\"https:\/\/www.trafficangel.co.uk\/sl\/progresivni-varnostni-sistem\/\">Progresivni varni sistem<\/a>Glavni zaslon je odporen na posege, kot dolo\u010da TfL. Njegova reverzibilna zasnova pomeni, da se lahko uporablja na vozilih z volanom na desni in levi strani.<\/p>\n<p>Vklju\u010deni so pritrdilni elementi in penasta monta\u017ena podloga.<\/p>","protected":false},"excerpt":{"rendered":"<p>Ohi\u0161je stranskega zaslona za A-stebri\u010dek za progresivni varnostni sistem TrafficAngel<\/p>","protected":false},"featured_media":1954,"template":"","meta":{"_acf_changed":false},"product_cat":[85,53],"product_tag":[],"class_list":{"0":"post-1705","1":"product","2":"type-product","3":"status-publish","4":"has-post-thumbnail","6":"product_cat-components","7":"product_cat-progressive-safe-system","9":"first","10":"instock","11":"taxable","12":"shipping-taxable","13":"purchasable","14":"product-type-simple"},"acf":[],"_links":{"self":[{"href":"https:\/\/www.trafficangel.co.uk\/sl\/wp-json\/wp\/v2\/product\/1705","targetHints":{"allow":["GET"]}}],"collection":[{"href":"https:\/\/www.trafficangel.co.uk\/sl\/wp-json\/wp\/v2\/product"}],"about":[{"href":"https:\/\/www.trafficangel.co.uk\/sl\/wp-json\/wp\/v2\/types\/product"}],"wp:featuredmedia":[{"embeddable":true,"href":"https:\/\/www.trafficangel.co.uk\/sl\/wp-json\/wp\/v2\/media\/1954"}],"wp:attachment":[{"href":"https:\/\/www.trafficangel.co.uk\/sl\/wp-json\/wp\/v2\/media?parent=1705"}],"wp:term":[{"taxonomy":"product_cat","embeddable":true,"href":"https:\/\/www.trafficangel.co.uk\/sl\/wp-json\/wp\/v2\/product_cat?post=1705"},{"taxonomy":"product_tag","embeddable":true,"href":"https:\/\/www.trafficangel.co.uk\/sl\/wp-json\/wp\/v2\/product_tag?post=1705"}],"curies":[{"name":"wp","href":"https:\/\/api.w.org\/{rel}","templated":true}]}}