{"id":1700,"date":"2024-01-19T12:50:46","date_gmt":"2024-01-19T12:50:46","guid":{"rendered":"https:\/\/trafficangel-qqzv.temp-dns.com\/product\/trafficangel-safe-system-main-display\/"},"modified":"2025-10-20T10:28:06","modified_gmt":"2025-10-20T10:28:06","slug":"glavni-zaslon-za-progresivni-varnostni-sistem-trafficangel","status":"publish","type":"product","link":"https:\/\/www.trafficangel.co.uk\/sl\/izdelek-2\/glavni-zaslon-za-progresivni-varnostni-sistem-trafficangel\/","title":{"rendered":"Glavni zaslon za progresivni varni sistem TrafficAngel"},"content":{"rendered":"<p>Glavni zaslon za TrafficAngel <a href=\"https:\/\/www.trafficangel.co.uk\/sl\/progresivni-varnostni-sistem\/\" target=\"_blank\" rel=\"noopener\">Progresivni varni sistem<\/a>, ta zaslon je name\u0161\u010den na stebri\u010dku A na voznikovi strani in zagotavlja zvo\u010dna in vizualna opozorila za voznika v skladu s specifikacijami TfL. Zaslon je mogo\u010de namestiti v na\u0161 specializirani nosilec za steber A, kar zagotavlja re\u0161itev, za\u0161\u010diteno pred posegi (naprodaj posebej).<\/p>","protected":false},"excerpt":{"rendered":"<p>Glavni zaslon za progresivni varni sistem TrafficAngel<\/p>","protected":false},"featured_media":1930,"template":"","meta":{"_acf_changed":false},"product_cat":[85,53],"product_tag":[],"class_list":{"0":"post-1700","1":"product","2":"type-product","3":"status-publish","4":"has-post-thumbnail","6":"product_cat-components","7":"product_cat-progressive-safe-system","9":"first","10":"instock","11":"taxable","12":"shipping-taxable","13":"purchasable","14":"product-type-simple"},"acf":[],"_links":{"self":[{"href":"https:\/\/www.trafficangel.co.uk\/sl\/wp-json\/wp\/v2\/product\/1700","targetHints":{"allow":["GET"]}}],"collection":[{"href":"https:\/\/www.trafficangel.co.uk\/sl\/wp-json\/wp\/v2\/product"}],"about":[{"href":"https:\/\/www.trafficangel.co.uk\/sl\/wp-json\/wp\/v2\/types\/product"}],"wp:featuredmedia":[{"embeddable":true,"href":"https:\/\/www.trafficangel.co.uk\/sl\/wp-json\/wp\/v2\/media\/1930"}],"wp:attachment":[{"href":"https:\/\/www.trafficangel.co.uk\/sl\/wp-json\/wp\/v2\/media?parent=1700"}],"wp:term":[{"taxonomy":"product_cat","embeddable":true,"href":"https:\/\/www.trafficangel.co.uk\/sl\/wp-json\/wp\/v2\/product_cat?post=1700"},{"taxonomy":"product_tag","embeddable":true,"href":"https:\/\/www.trafficangel.co.uk\/sl\/wp-json\/wp\/v2\/product_tag?post=1700"}],"curies":[{"name":"wp","href":"https:\/\/api.w.org\/{rel}","templated":true}]}}