{"id":1553,"date":"2024-01-19T12:50:21","date_gmt":"2024-01-19T12:50:21","guid":{"rendered":"http:\/\/traffic-angel.local\/product\/4-channel-sd-card-dvr-with-3g-4g-js2-inc-lrb-cdt2-gps\/"},"modified":"2025-11-12T13:52:56","modified_gmt":"2025-11-12T13:52:56","slug":"4-kanalni-dvr-z-dvema-sd-karticama-gps-om-in-3g-4g","status":"publish","type":"product","link":"https:\/\/www.trafficangel.co.uk\/sl\/izdelek-2\/4-kanalni-dvr-z-dvema-sd-karticama-gps-om-in-3g-4g\/","title":{"rendered":"4-kanalni DVR z dvojno kartico SD z GPS in 3G\/4G"},"content":{"rendered":"<p>TrafficAngel <a href=\"https:\/\/www.trafficangel.co.uk\/sl\/digital-video-recorders\/\">Digitalni video snemalniki<\/a> (DVR) zagotavljajo zanesljiv in varen na\u010din snemanja ve\u010d kamer okoli va\u0161ih vozil, s \u0161irokim naborom funkcij pa na\u0161a ponudba omogo\u010da prilagodljivost, s katero lahko re\u0161itve za snemanje prilagodite svojim zahtevam. Na\u0161i DVR-ji prina\u0161ajo velike prednosti za vse sektorje, od upravljavcev voznih parkov do enkratnih projektov po meri. Varnost okoli vozil je najpomembnej\u0161a in vsi na\u0161i videorekorderji, vklju\u010dno s tem 4-kanalnim DVR z dvema karticama SD in GPS ter 3G\/4G, pomagajo spodbujati varnej\u0161e na\u010dine vo\u017enje z ve\u010djo odgovornostjo. Sistemi za snemanje prihranijo tudi denar, saj v primeru incidentov zajamejo jasne dokaze, odpravijo la\u017ene zavarovalne zahtevke in tako zagotovijo znatne prihranke pri zavarovalnih premijah. Varnost, ki jo zagotavlja snemalni sistem, prav tako varuje voznike, vozila in premo\u017eenje ter deluje preventivno in odvra\u010da od kriminalnih dejanj.<\/p>","protected":false},"excerpt":{"rendered":"<p>4-kanalni DVR z dvema SD karticama, GPS-om in 3G\/4G. Ve\u010d o na\u0161em <a href=\"https:\/\/www.trafficangel.co.uk\/sl\/digital-video-recorders\/\" target=\"_blank\" rel=\"noopener\">Digitalni video snemalniki<\/a>.<\/p>","protected":false},"featured_media":1040,"template":"","meta":{"_acf_changed":false},"product_cat":[19,48],"product_tag":[],"class_list":{"0":"post-1553","1":"product","2":"type-product","3":"status-publish","4":"has-post-thumbnail","6":"product_cat-video-recording-systems","7":"product_cat-dvrs","9":"first","10":"instock","11":"taxable","12":"shipping-taxable","13":"purchasable","14":"product-type-simple"},"acf":[],"_links":{"self":[{"href":"https:\/\/www.trafficangel.co.uk\/sl\/wp-json\/wp\/v2\/product\/1553","targetHints":{"allow":["GET"]}}],"collection":[{"href":"https:\/\/www.trafficangel.co.uk\/sl\/wp-json\/wp\/v2\/product"}],"about":[{"href":"https:\/\/www.trafficangel.co.uk\/sl\/wp-json\/wp\/v2\/types\/product"}],"wp:featuredmedia":[{"embeddable":true,"href":"https:\/\/www.trafficangel.co.uk\/sl\/wp-json\/wp\/v2\/media\/1040"}],"wp:attachment":[{"href":"https:\/\/www.trafficangel.co.uk\/sl\/wp-json\/wp\/v2\/media?parent=1553"}],"wp:term":[{"taxonomy":"product_cat","embeddable":true,"href":"https:\/\/www.trafficangel.co.uk\/sl\/wp-json\/wp\/v2\/product_cat?post=1553"},{"taxonomy":"product_tag","embeddable":true,"href":"https:\/\/www.trafficangel.co.uk\/sl\/wp-json\/wp\/v2\/product_tag?post=1553"}],"curies":[{"name":"wp","href":"https:\/\/api.w.org\/{rel}","templated":true}]}}