{"id":1461,"date":"2024-01-19T12:49:52","date_gmt":"2024-01-19T12:49:52","guid":{"rendered":"http:\/\/traffic-angel.local\/product\/hd-black-side-camera-720p-audio-12v-ir-150\/"},"modified":"2025-12-15T09:42:10","modified_gmt":"2025-12-15T09:42:10","slug":"hd-black-side-camera-720p-audio-ir-150","status":"publish","type":"product","link":"https:\/\/www.trafficangel.co.uk\/sl\/izdelek-2\/hd-black-side-camera-720p-audio-ir-150\/","title":{"rendered":"HD \u010drna stranska kamera \u2013 720p, zvok, IR, 150\u00b0"},"content":{"rendered":"<p>HD \u010drna stranska kamera \u2013 720p, zvok, IR, 150\u00b0<\/p>\n<p>Del zaupanja vrednih varnostnih paketov TrafficAngel, na\u0161 <a href=\"https:\/\/www.trafficangel.co.uk\/sl\/sistemi-kamer-za-kombije\/\">sistemi kamer za kombije<\/a> zagotavljajo celovito vidljivost za podporo voznikovi zavesti in varnosti vozila. Zasnovani so tako, da ustrezajo zahtevam <a href=\"https:\/\/www.trafficangel.co.uk\/sl\/london-dvs\/\">Standard Direct Vision<\/a> (DVS) in <a href=\"https:\/\/www.trafficangel.co.uk\/sl\/progresivni-varnostni-sistem-2024\/\">Progresivni varni sistem<\/a> (PSS), vklju\u010dno s posodobitvami PSS za leto 2024, ki jih je uvedel Transport for London, s \u010dimer zagotavljate, da va\u0161a flota ostane skladna zdaj in v prihodnjih fazah izvajanja.<\/p>","protected":false},"excerpt":{"rendered":"<p>\u010crna HD stranska kamera \u2013 720p, zvok, IR, 150\u00b0<\/p>","protected":false},"featured_media":938,"template":"","meta":{"_acf_changed":false},"product_cat":[37,42],"product_tag":[],"class_list":{"0":"post-1461","1":"product","2":"type-product","3":"status-publish","4":"has-post-thumbnail","6":"product_cat-cameras","7":"product_cat-side-cameras","9":"first","10":"instock","11":"taxable","12":"shipping-taxable","13":"purchasable","14":"product-type-simple"},"acf":[],"_links":{"self":[{"href":"https:\/\/www.trafficangel.co.uk\/sl\/wp-json\/wp\/v2\/product\/1461","targetHints":{"allow":["GET"]}}],"collection":[{"href":"https:\/\/www.trafficangel.co.uk\/sl\/wp-json\/wp\/v2\/product"}],"about":[{"href":"https:\/\/www.trafficangel.co.uk\/sl\/wp-json\/wp\/v2\/types\/product"}],"wp:featuredmedia":[{"embeddable":true,"href":"https:\/\/www.trafficangel.co.uk\/sl\/wp-json\/wp\/v2\/media\/938"}],"wp:attachment":[{"href":"https:\/\/www.trafficangel.co.uk\/sl\/wp-json\/wp\/v2\/media?parent=1461"}],"wp:term":[{"taxonomy":"product_cat","embeddable":true,"href":"https:\/\/www.trafficangel.co.uk\/sl\/wp-json\/wp\/v2\/product_cat?post=1461"},{"taxonomy":"product_tag","embeddable":true,"href":"https:\/\/www.trafficangel.co.uk\/sl\/wp-json\/wp\/v2\/product_tag?post=1461"}],"curies":[{"name":"wp","href":"https:\/\/api.w.org\/{rel}","templated":true}]}}