{"id":1458,"date":"2024-01-19T12:49:49","date_gmt":"2024-01-19T12:49:49","guid":{"rendered":"http:\/\/traffic-angel.local\/product\/hd-internal-camera-150-audio-ir-12v\/"},"modified":"2025-12-15T11:28:05","modified_gmt":"2025-12-15T11:28:05","slug":"notranja-hd-kamera-720p-zvok-ir-150","status":"publish","type":"product","link":"https:\/\/www.trafficangel.co.uk\/sl\/izdelek-2\/notranja-hd-kamera-720p-zvok-ir-150\/","title":{"rendered":"HD notranja kamera \u2013 720p, zvok, IR, 150\u00b0"},"content":{"rendered":"<p>HD notranja kamera \u2013 720p, zvok, IR, 150\u00b0<\/p>\n<p>This HD Internal Camera is part of the TrafficAngel security packages, our <a href=\"https:\/\/www.trafficangel.co.uk\/sl\/sistemi-kamer-za-kombije\/\">sistemi kamer za kombije<\/a>\u00a0zagotavljajo celovito vidljivost za podporo voznikovi zavesti in varnosti vozila. Zasnovani so tako, da ustrezajo zahtevam\u00a0<a href=\"https:\/\/www.trafficangel.co.uk\/sl\/london-dvs\/\">Standard Direct Vision<\/a>\u00a0(DVS) in\u00a0<a href=\"https:\/\/www.trafficangel.co.uk\/sl\/progresivni-varnostni-sistem-2024\/\">Progresivni varni sistem<\/a>\u00a0(PSS), vklju\u010dno s posodobitvami PSS za leto 2024, ki jih je uvedel Transport for London, s \u010dimer zagotavljate, da va\u0161a flota ostane skladna zdaj in v prihodnjih fazah izvajanja.<\/p>","protected":false},"excerpt":{"rendered":"<p>Notranja kamera HD \u2013 720p, zvok, IR, 150\u00b0<\/p>","protected":false},"featured_media":2097,"template":"","meta":{"_acf_changed":false},"product_cat":[37,40],"product_tag":[],"class_list":{"0":"post-1458","1":"product","2":"type-product","3":"status-publish","4":"has-post-thumbnail","6":"product_cat-cameras","7":"product_cat-internal-and-ip-cameras","9":"first","10":"instock","11":"taxable","12":"shipping-taxable","13":"purchasable","14":"product-type-simple"},"acf":[],"_links":{"self":[{"href":"https:\/\/www.trafficangel.co.uk\/sl\/wp-json\/wp\/v2\/product\/1458","targetHints":{"allow":["GET"]}}],"collection":[{"href":"https:\/\/www.trafficangel.co.uk\/sl\/wp-json\/wp\/v2\/product"}],"about":[{"href":"https:\/\/www.trafficangel.co.uk\/sl\/wp-json\/wp\/v2\/types\/product"}],"wp:featuredmedia":[{"embeddable":true,"href":"https:\/\/www.trafficangel.co.uk\/sl\/wp-json\/wp\/v2\/media\/2097"}],"wp:attachment":[{"href":"https:\/\/www.trafficangel.co.uk\/sl\/wp-json\/wp\/v2\/media?parent=1458"}],"wp:term":[{"taxonomy":"product_cat","embeddable":true,"href":"https:\/\/www.trafficangel.co.uk\/sl\/wp-json\/wp\/v2\/product_cat?post=1458"},{"taxonomy":"product_tag","embeddable":true,"href":"https:\/\/www.trafficangel.co.uk\/sl\/wp-json\/wp\/v2\/product_tag?post=1458"}],"curies":[{"name":"wp","href":"https:\/\/api.w.org\/{rel}","templated":true}]}}