{"id":1442,"date":"2024-01-19T12:49:45","date_gmt":"2024-01-19T12:49:45","guid":{"rendered":"http:\/\/traffic-angel.local\/product\/forward-facing-dvr-camera-w-nearside-camera-or-rear-camera\/"},"modified":"2025-10-20T09:31:50","modified_gmt":"2025-10-20T09:31:50","slug":"2-kanalni-sistem-za-snemanje-z-naprej-usmerjeno-kamero-na-armaturni-plosci","status":"publish","type":"product","link":"https:\/\/www.trafficangel.co.uk\/sl\/izdelek-2\/2-kanalni-sistem-za-snemanje-z-naprej-usmerjeno-kamero-na-armaturni-plosci\/","title":{"rendered":"2-kanalni snemalni sistem Dashcam, obrnjen naprej"},"content":{"rendered":"<p>2-kanalni sistem za snemanje z armaturno kamero, obrnjeno naprej (\u0161t. dela FFDVR2), je zasnovan za visokozmogljivo spremljanje voznega parka in napredno varnost voznikov. Z dvema kamerama s 170\u00b0 vidnim kotom; eno obrnjeno naprej v lo\u010dljivosti 1080p in drugo v lo\u010dljivosti D1\/720p, ta sistem natan\u010dno zajame celotno cesto. Vgrajeni \u010dasovni \u017eigi GPS bele\u017eijo vsak dogodek, medtem ko kompresija videa H.264 zagotavlja u\u010dinkovito shranjevanje na SD kartice do 256 GB. Z zaznavanjem gibanja, varnim ohi\u0161jem za SD kartico, ki ga je mogo\u010de zakleniti s klju\u010dem, in zdru\u017eljivostjo z video standardi AHD in CVBS ponuja zanesljivost profesionalne ravni. FFDVR2 je dovolj robusten za komercialna vozila, ima pa tudi povezljivost GPS in vklju\u010duje mini USB vmesnik.<\/p>\n<p>Orders placed before 1\u202fpm are dispatched same day, and the system is fully compatible with Traffic Angel\u2019s Prepping Service for hassle-free installation. Ideal for <a href=\"https:\/\/www.trafficangel.co.uk\/sl\/fleet-dashcams\/\">fleets<\/a>, small businesses or one off purchases.<\/p>","protected":false},"excerpt":{"rendered":"<p>2-kanalni snemalni sistem Dashcam, obrnjen naprej<\/p>","protected":false},"featured_media":628,"template":"","meta":{"_acf_changed":false},"product_cat":[19,39],"product_tag":[],"class_list":{"0":"post-1442","1":"product","2":"type-product","3":"status-publish","4":"has-post-thumbnail","6":"product_cat-video-recording-systems","7":"product_cat-dash-cameras","9":"first","10":"instock","11":"taxable","12":"shipping-taxable","13":"purchasable","14":"product-type-simple"},"acf":[],"_links":{"self":[{"href":"https:\/\/www.trafficangel.co.uk\/sl\/wp-json\/wp\/v2\/product\/1442","targetHints":{"allow":["GET"]}}],"collection":[{"href":"https:\/\/www.trafficangel.co.uk\/sl\/wp-json\/wp\/v2\/product"}],"about":[{"href":"https:\/\/www.trafficangel.co.uk\/sl\/wp-json\/wp\/v2\/types\/product"}],"wp:featuredmedia":[{"embeddable":true,"href":"https:\/\/www.trafficangel.co.uk\/sl\/wp-json\/wp\/v2\/media\/628"}],"wp:attachment":[{"href":"https:\/\/www.trafficangel.co.uk\/sl\/wp-json\/wp\/v2\/media?parent=1442"}],"wp:term":[{"taxonomy":"product_cat","embeddable":true,"href":"https:\/\/www.trafficangel.co.uk\/sl\/wp-json\/wp\/v2\/product_cat?post=1442"},{"taxonomy":"product_tag","embeddable":true,"href":"https:\/\/www.trafficangel.co.uk\/sl\/wp-json\/wp\/v2\/product_tag?post=1442"}],"curies":[{"name":"wp","href":"https:\/\/api.w.org\/{rel}","templated":true}]}}