{"id":1441,"date":"2024-01-19T12:49:45","date_gmt":"2024-01-19T12:49:45","guid":{"rendered":"http:\/\/traffic-angel.local\/product\/forward-facing-recording-camera\/"},"modified":"2025-10-20T09:31:14","modified_gmt":"2025-10-20T09:31:14","slug":"1-kanalni-sistem-za-snemanje-z-naprej-usmerjeno-kamero-na-armaturni-plosci","status":"publish","type":"product","link":"https:\/\/www.trafficangel.co.uk\/sl\/izdelek-2\/1-kanalni-sistem-za-snemanje-z-naprej-usmerjeno-kamero-na-armaturni-plosci\/","title":{"rendered":"1-kanalni snemalni sistem Dashcam, obrnjen naprej"},"content":{"rendered":"<p>Enokanalni sistem za snemanje z armaturno kamero, obrnjeno naprej (\u0161t. dela FFDVR1), je robustna in enostavna re\u0161itev, zasnovana za zahtevne potrebe komercialnih voznih parkov. S \u0161irokim 170\u00b0 vidnim poljem in podporo za snemanje v lo\u010dljivostih 1080p in 720p zajame kriti\u010dne dogodke na cesti z visoko jasnostjo. Vgrajeni GPS zagotavlja natan\u010dno ozna\u010devanje \u010dasa in lokacije, zaznavanje gibanja in zan\u010dno snemanje pa pomagata u\u010dinkovito upravljati shranjevanje.<\/p>\n<p>The system supports up to 256\u202fGB SD cards (PAL\/NTSC compliant) and includes secure SD-card housing to safeguard against tampering. Ideal for enhancing vehicle accountability and driver safety. Ideal for <a href=\"https:\/\/www.trafficangel.co.uk\/sl\/fleet-dashcams\/\">fleets<\/a>, small businesses or one off purchases.<\/p>","protected":false},"excerpt":{"rendered":"<p>1-kanalni snemalni sistem Dashcam, obrnjen naprej<\/p>","protected":false},"featured_media":621,"template":"","meta":{"_acf_changed":false},"product_cat":[19,39],"product_tag":[],"class_list":{"0":"post-1441","1":"product","2":"type-product","3":"status-publish","4":"has-post-thumbnail","6":"product_cat-video-recording-systems","7":"product_cat-dash-cameras","9":"first","10":"instock","11":"taxable","12":"shipping-taxable","13":"purchasable","14":"product-type-simple"},"acf":[],"_links":{"self":[{"href":"https:\/\/www.trafficangel.co.uk\/sl\/wp-json\/wp\/v2\/product\/1441","targetHints":{"allow":["GET"]}}],"collection":[{"href":"https:\/\/www.trafficangel.co.uk\/sl\/wp-json\/wp\/v2\/product"}],"about":[{"href":"https:\/\/www.trafficangel.co.uk\/sl\/wp-json\/wp\/v2\/types\/product"}],"wp:featuredmedia":[{"embeddable":true,"href":"https:\/\/www.trafficangel.co.uk\/sl\/wp-json\/wp\/v2\/media\/621"}],"wp:attachment":[{"href":"https:\/\/www.trafficangel.co.uk\/sl\/wp-json\/wp\/v2\/media?parent=1441"}],"wp:term":[{"taxonomy":"product_cat","embeddable":true,"href":"https:\/\/www.trafficangel.co.uk\/sl\/wp-json\/wp\/v2\/product_cat?post=1441"},{"taxonomy":"product_tag","embeddable":true,"href":"https:\/\/www.trafficangel.co.uk\/sl\/wp-json\/wp\/v2\/product_tag?post=1441"}],"curies":[{"name":"wp","href":"https:\/\/api.w.org\/{rel}","templated":true}]}}