{"id":1433,"date":"2024-01-19T12:49:42","date_gmt":"2024-01-19T12:49:42","guid":{"rendered":"http:\/\/traffic-angel.local\/product\/10m-ethernet-cable-cat-5e-rj45\/"},"modified":"2025-10-20T09:23:59","modified_gmt":"2025-10-20T09:23:59","slug":"10-m-ethernetni-kabel-kategorije-5e-rj45","status":"publish","type":"product","link":"https:\/\/www.trafficangel.co.uk\/sl\/izdelek-2\/10-m-ethernetni-kabel-kategorije-5e-rj45\/","title":{"rendered":"10 m ethernetni kabel Cat-5E RJ45"},"content":{"rendered":"<p>10-metrski ethernetni kabel Cat-5E RJ45 je zasnovan za hiter in stabilen prenos podatkov za varnostne sisteme vozil. Njegova 10-metrska dol\u017eina je idealna za ve\u010dje namestitve, kjer je potreben dodaten doseg. Visokokakovostna konstrukcija Cat-5E podpira zanesljive omre\u017ene povezave za kamere, DVR-je in telematsko opremo, kar zagotavlja dosledno delovanje v zahtevnih okoljih voznega parka.<\/p>\n<p>Ko gre za varnost in spremljanje vozil, je uporaba visokokakovostnih komponent bistvenega pomena. Zanesljivi kabli in konektorji zagotavljajo dosledno delovanje va\u0161ega sistema, s \u010dimer se izognete tveganjem, ki jih povzro\u010da izguba signala ali slabe povezave. Z opremo Traffic Angel vlagate v zanesljivo opremo, izdelano za zahtevna okolja.<\/p>","protected":false},"excerpt":{"rendered":"<p>10-metrski ethernetni kabel Cat-5E RJ45 je zasnovan za hiter in stabilen prenos podatkov za varnostne sisteme vozil.<\/p>","protected":false},"featured_media":2069,"template":"","meta":{"_acf_changed":false},"product_cat":[26,27],"product_tag":[],"class_list":{"0":"post-1433","1":"product","2":"type-product","3":"status-publish","4":"has-post-thumbnail","6":"product_cat-cables-accessories","7":"product_cat-camera-trailer-cables","9":"first","10":"instock","11":"taxable","12":"shipping-taxable","13":"purchasable","14":"product-type-simple"},"acf":[],"_links":{"self":[{"href":"https:\/\/www.trafficangel.co.uk\/sl\/wp-json\/wp\/v2\/product\/1433","targetHints":{"allow":["GET"]}}],"collection":[{"href":"https:\/\/www.trafficangel.co.uk\/sl\/wp-json\/wp\/v2\/product"}],"about":[{"href":"https:\/\/www.trafficangel.co.uk\/sl\/wp-json\/wp\/v2\/types\/product"}],"wp:featuredmedia":[{"embeddable":true,"href":"https:\/\/www.trafficangel.co.uk\/sl\/wp-json\/wp\/v2\/media\/2069"}],"wp:attachment":[{"href":"https:\/\/www.trafficangel.co.uk\/sl\/wp-json\/wp\/v2\/media?parent=1433"}],"wp:term":[{"taxonomy":"product_cat","embeddable":true,"href":"https:\/\/www.trafficangel.co.uk\/sl\/wp-json\/wp\/v2\/product_cat?post=1433"},{"taxonomy":"product_tag","embeddable":true,"href":"https:\/\/www.trafficangel.co.uk\/sl\/wp-json\/wp\/v2\/product_tag?post=1433"}],"curies":[{"name":"wp","href":"https:\/\/api.w.org\/{rel}","templated":true}]}}