{"id":1410,"date":"2024-01-19T12:49:32","date_gmt":"2024-01-19T12:49:32","guid":{"rendered":"http:\/\/traffic-angel.local\/product\/3m-camera-cable-4-pin-male-rca-male-dc-female\/"},"modified":"2025-10-20T09:07:34","modified_gmt":"2025-10-20T09:07:34","slug":"3m-kabel-za-kamero-4-pinski-moski-rca-moski-zenski-dc","status":"publish","type":"product","link":"https:\/\/www.trafficangel.co.uk\/sl\/izdelek-2\/3m-kabel-za-kamero-4-pinski-moski-rca-moski-zenski-dc\/","title":{"rendered":"3m kabel za kamero (4-polni mo\u0161ki \u2013 RCA mo\u0161ki in DC \u017eenski)"},"content":{"rendered":"","protected":false},"excerpt":{"rendered":"<p>3m kabel za kamero (4-polni mo\u0161ki \u2013 RCA mo\u0161ki in DC \u017eenski)<\/p>","protected":false},"featured_media":440,"template":"","meta":{"_acf_changed":false},"product_cat":[26,27],"product_tag":[],"class_list":{"0":"post-1410","1":"product","2":"type-product","3":"status-publish","4":"has-post-thumbnail","6":"product_cat-cables-accessories","7":"product_cat-camera-trailer-cables","9":"first","10":"instock","11":"taxable","12":"shipping-taxable","13":"purchasable","14":"product-type-simple"},"acf":[],"_links":{"self":[{"href":"https:\/\/www.trafficangel.co.uk\/sl\/wp-json\/wp\/v2\/product\/1410","targetHints":{"allow":["GET"]}}],"collection":[{"href":"https:\/\/www.trafficangel.co.uk\/sl\/wp-json\/wp\/v2\/product"}],"about":[{"href":"https:\/\/www.trafficangel.co.uk\/sl\/wp-json\/wp\/v2\/types\/product"}],"wp:featuredmedia":[{"embeddable":true,"href":"https:\/\/www.trafficangel.co.uk\/sl\/wp-json\/wp\/v2\/media\/440"}],"wp:attachment":[{"href":"https:\/\/www.trafficangel.co.uk\/sl\/wp-json\/wp\/v2\/media?parent=1410"}],"wp:term":[{"taxonomy":"product_cat","embeddable":true,"href":"https:\/\/www.trafficangel.co.uk\/sl\/wp-json\/wp\/v2\/product_cat?post=1410"},{"taxonomy":"product_tag","embeddable":true,"href":"https:\/\/www.trafficangel.co.uk\/sl\/wp-json\/wp\/v2\/product_tag?post=1410"}],"curies":[{"name":"wp","href":"https:\/\/api.w.org\/{rel}","templated":true}]}}