{"id":1402,"date":"2024-01-19T12:49:32","date_gmt":"2024-01-19T12:49:32","guid":{"rendered":"http:\/\/traffic-angel.local\/product\/15m-camera-cable-4-pin-male-rca-male-dc-female\/"},"modified":"2025-10-20T08:53:16","modified_gmt":"2025-10-20T08:53:16","slug":"15m-camera-cable-4-pin-male-rca-male-dc-female","status":"publish","type":"product","link":"https:\/\/www.trafficangel.co.uk\/sl\/izdelek-2\/15m-camera-cable-4-pin-male-rca-male-dc-female\/","title":{"rendered":"15 m kabel za kamero (4 pinski mo\u0161ki \u2013 RCA mo\u0161ki in DC \u017eenski)"},"content":{"rendered":"<p>15-metrski kabel kamere Traffic Angel (4-pinski mo\u0161ki \u2013 RCA mo\u0161ki in DC \u017eenski) (\u0161t. artikla CC15W) ponuja zanesljivo povezavo z dolgim dosegom za vo\u017enjo v kabini ali vzvratno vo\u017enjo. <a href=\"https:\/\/www.trafficangel.co.uk\/sl\/kamere\/\">kamere<\/a>.<\/p>\n<p>Za\u0161\u010diteno jedro ohranja \u010diste video signale na dalj\u0161ih razdaljah, 4-pinski in RCA\/DC priklju\u010dki v letalskem slogu pa zagotavljajo varno in profesionalno monta\u017eo. S te\u017eo 529 g je lahek, a robusten, idealen za industrijsko uporabo in skladen s potrebami komercialnih voznih parkov. Dobavljen je pripravljen za odpremo \u0161e isti dan, \u010de je naro\u010dilo oddano pred 13. uro, in je zdru\u017eljiv z na\u0161o storitvijo priprave, kar poenostavlja namestitev in zagotavlja dosledno delovanje v zahtevnih okoljih.<\/p>","protected":false},"excerpt":{"rendered":"<p>15 m kabel za kamero (4-pinski mo\u0161ki \u2013 RCA mo\u0161ki in DC \u017eenski)<\/p>","protected":false},"featured_media":2351,"template":"","meta":{"_acf_changed":false},"product_cat":[26,27],"product_tag":[],"class_list":{"0":"post-1402","1":"product","2":"type-product","3":"status-publish","4":"has-post-thumbnail","6":"product_cat-cables-accessories","7":"product_cat-camera-trailer-cables","9":"first","10":"instock","11":"taxable","12":"shipping-taxable","13":"purchasable","14":"product-type-simple"},"acf":[],"_links":{"self":[{"href":"https:\/\/www.trafficangel.co.uk\/sl\/wp-json\/wp\/v2\/product\/1402","targetHints":{"allow":["GET"]}}],"collection":[{"href":"https:\/\/www.trafficangel.co.uk\/sl\/wp-json\/wp\/v2\/product"}],"about":[{"href":"https:\/\/www.trafficangel.co.uk\/sl\/wp-json\/wp\/v2\/types\/product"}],"wp:featuredmedia":[{"embeddable":true,"href":"https:\/\/www.trafficangel.co.uk\/sl\/wp-json\/wp\/v2\/media\/2351"}],"wp:attachment":[{"href":"https:\/\/www.trafficangel.co.uk\/sl\/wp-json\/wp\/v2\/media?parent=1402"}],"wp:term":[{"taxonomy":"product_cat","embeddable":true,"href":"https:\/\/www.trafficangel.co.uk\/sl\/wp-json\/wp\/v2\/product_cat?post=1402"},{"taxonomy":"product_tag","embeddable":true,"href":"https:\/\/www.trafficangel.co.uk\/sl\/wp-json\/wp\/v2\/product_tag?post=1402"}],"curies":[{"name":"wp","href":"https:\/\/api.w.org\/{rel}","templated":true}]}}