{"id":3704,"date":"2025-05-02T08:00:26","date_gmt":"2025-05-02T08:00:26","guid":{"rendered":"https:\/\/www.trafficangel.co.uk\/?page_id=3704"},"modified":"2025-06-12T15:54:12","modified_gmt":"2025-06-12T15:54:12","slug":"ekipa","status":"publish","type":"page","link":"https:\/\/www.trafficangel.co.uk\/sl\/ekipa\/","title":{"rendered":"Na\u0161a ekipa"},"content":{"rendered":"<div id=\"\"\n    class=\"flex flex-wrap my-12 lg:flex-nowrap text-image-split-block\">\n    <div class=\"w-full h-[350px] lg:h-auto lg:w-1\/2 md:order-1 bg-cover bg-center bg-no-repeat text-image-image\"\n        style=\"background-image: url('https:\/\/www.trafficangel.co.uk\/wp-content\/uploads\/2025\/06\/IMG_8148.jpg');\">\n\n    <\/div>\n    <div class=\"w-full lg:w-1\/2 md:order-2 flex items-center bg-offWhite px-4 md:px-8 lg:px-14 md:py-12 py-5\">\n        <div class=\"split-block-content\">\n                        <h2 class=\"split-block-title mb-3 text-2xl lg:mb-4 text-secondary md:text-3xl font-roboto lg:text-3xl\">\n                Ekipa TrafficAngel            <\/h2>\n                                    <div class=\"p-0 mb-0 text-base\">\n                <p>Poslovanje se je za\u010delo leta 2004, potem ko se je Steve zna\u0161el obti\u010dal v dolgi koloni za priklopnikom, ki je posku\u0161al vzvratno zapeljati v ozek vhod industrijske cone. Za\u010den\u0161i s kamerami za vzvratno vo\u017enjo, ponudba izdelkov zdaj vklju\u010duje vse vrste re\u0161itev s kamerami in senzorji, snemalne naprave, dobavo in namestitev sistema za upravljanje varnosti (PSS), varnostne re\u0161itve za mobilne aplikacije ter vse vrste namestitve smernikov in stroboskopov. \u010ceprav je TrafficAngel \u0161e vedno relativno majhen, ima zdaj vodilni polo\u017eaj na trgu v smislu profesionalnosti, zanesljivosti izdelkov in storitev za stranke.<\/p>\n            <\/div>\n                    <\/div>\n    <\/div>\n<\/div><div class = \"team-member-block\">\n\t<div class = \"wrapper\">\n\t\t<div class = \"team-members-heading\">\n\t\t\t<h2>Ustanovitelji<\/h2>\n<h3>Veliki mo\u017egani za TrafficAngelom<\/h3>\n\t\t<\/div>\n\t\t<ul class = \"team-member-grid\">\n\t\t\t\t\t\t\t<li class = \"single-team-member\">\n\t\t\t\t\t<div class = \"image\" style = \"background-image:url('https:\/\/www.trafficangel.co.uk\/wp-content\/uploads\/2025\/05\/Steve-Portrait-scaled.jpg');\"><\/div>\n\t\t\t\t\t<div class = \"team-member-content\">\n\t\t\t\t\t\t<h2>Steven Ransom<\/h2>\n<h3>Direktor prodaje in odnosov s strankami<\/h3>\n<p>Ko so me prosili, naj napi\u0161em ta povzetek mene, sem se moral zamisliti nad tem, kaj po\u010dnem trenutno. Mislim, da sem \u010dlovek idej, ki razmi\u0161lja o te\u017eavah v panogi in i\u0161\u010de elektronske re\u0161itve. Moj moto je, da z ljudmi ravnam tako, kot bi \u017eeleli, da bi ravnali z nami. To nam gre prav in dober posel bo vedno sledil.<\/p>\n\t\t\t\t\t<\/div>\n\t\t\t\t<\/li>\n\t\t\t\t\t\t\t<li class = \"single-team-member\">\n\t\t\t\t\t<div class = \"image\" style = \"background-image:url('https:\/\/www.trafficangel.co.uk\/wp-content\/uploads\/2025\/05\/John-Portrait-scaled.jpg');\"><\/div>\n\t\t\t\t\t<div class = \"team-member-content\">\n\t\t\t\t\t\t<h2>Janez Ransom<\/h2>\n<h3>Direktor financ<\/h3>\n<p>Leta 2009 sem se pridru\u017eil svojemu bratu Stevu kot finan\u010dni direktor po prodaji svojega podjetja, lokalne tedenske oglasne publikacije. Od takrat vodim finan\u010dni in pla\u010dilni del podjetja TrafficAngel s sede\u017eem v na\u0161i pisarni v Uckfieldu.<\/p>\n\t\t\t\t\t<\/div>\n\t\t\t\t<\/li>\n\t\t\t\t\t\t\t<li class = \"single-team-member\">\n\t\t\t\t\t<div class = \"image\" style = \"background-image:url('https:\/\/www.trafficangel.co.uk\/wp-content\/uploads\/2025\/05\/Matt-Portrait-scaled.jpg');\"><\/div>\n\t\t\t\t\t<div class = \"team-member-content\">\n\t\t\t\t\t\t<h2>Matt Hickson<\/h2>\n<h3>Vi\u0161ji in\u017eenir in razvijalec izdelkov<\/h3>\n<p>Za TrafficAngel delam od leta 2009, ko smo bili \u0161e trije, in ponosen sem, da sem bil del podjetja, ko je zraslo v to, kar je danes. Ukvarjam se z ve\u010d vidiki poslovanja, vklju\u010dno z raziskavami in razvojem, nabavo, tehni\u010dno podporo, monta\u017eo in prodajo, tako da ni nikoli dolg\u010das!<\/p>\n\t\t\t\t\t<\/div>\n\t\t\t\t<\/li>\n\t\t\t\t\t<\/ul>\n\t<\/div>\n<\/div><div id=\"\"\n    class=\"flex flex-wrap my-12 lg:flex-nowrap text-image-split-block\">\n    <div class=\"w-full h-[350px] lg:h-auto lg:w-1\/2 md:order-2 bg-cover bg-center bg-no-repeat text-image-image\"\n        style=\"background-image: url('https:\/\/www.trafficangel.co.uk\/wp-content\/uploads\/2025\/05\/The-Engineers.jpg');\">\n\n    <\/div>\n    <div class=\"w-full lg:w-1\/2 md:order-1 flex items-center bg-offWhite px-4 md:px-8 lg:px-14 md:py-12 py-5\">\n        <div class=\"split-block-content\">\n                        <h2 class=\"split-block-title mb-3 text-2xl lg:mb-4 text-secondary md:text-3xl font-roboto lg:text-3xl\">\n                In\u017eenirji            <\/h2>\n                                    <div class=\"p-0 mb-0 text-base\">\n                <h3>Junaki na terenu<\/h3>\n<p>Na\u0161a strokovna in\u017eenirska ekipa ima dolgoletne izku\u0161nje z vgradnjo naprednih varnostnih sistemov za vozila. Ekipa je zavezana k zagotavljanju hitre storitve za na\u0161e stranke in hitrega ter u\u010dinkovitega re\u0161evanja vseh morebitnih te\u017eav. Njihovo tehni\u010dno znanje je temelj na\u0161ega ugleda kot vodilnega ponudnika re\u0161itev za varnost v prometu.<\/p>\n            <\/div>\n                    <\/div>\n    <\/div>\n<\/div><div id=\"\"\n    class=\"flex flex-wrap my-12 lg:flex-nowrap text-image-split-block\">\n    <div class=\"w-full h-[350px] lg:h-auto lg:w-1\/2 md:order-1 bg-cover bg-center bg-no-repeat text-image-image\"\n        style=\"background-image: url('https:\/\/www.trafficangel.co.uk\/wp-content\/uploads\/2025\/05\/The-Office-team.jpg');\">\n\n    <\/div>\n    <div class=\"w-full lg:w-1\/2 md:order-2 flex items-center bg-offWhite px-4 md:px-8 lg:px-14 md:py-12 py-5\">\n        <div class=\"split-block-content\">\n                        <h2 class=\"split-block-title mb-3 text-2xl lg:mb-4 text-secondary md:text-3xl font-roboto lg:text-3xl\">\n                Pisarni\u0161ka ekipa            <\/h2>\n                                    <div class=\"p-0 mb-0 text-base\">\n                <h3>Klju\u010d do nemotenega delovanja<\/h3>\n<p>Pisarni\u0161ka ekipa je klju\u010dnega pomena za na\u0161 uspeh. Od obravnavanja vseh vrst klicev do preverjanja kakovosti in urejanja dokumentov o skladnosti ekipa zagotavlja izjemno storitev za stranke. Na\u0161 dostopen in profesionalen odnos igra klju\u010dno vlogo tudi pri pomo\u010di na\u0161im strankam pri izpolnjevanju industrijskih standardov in zagotavljanju visoke prepoznavnosti na\u0161e blagovne znamke.<\/p>\n            <\/div>\n                    <\/div>\n    <\/div>\n<\/div>","protected":false},"excerpt":{"rendered":"","protected":false},"author":7,"featured_media":0,"parent":0,"menu_order":0,"comment_status":"closed","ping_status":"closed","template":"","meta":{"_acf_changed":false,"footnotes":""},"class_list":["post-3704","page","type-page","status-publish","hentry"],"acf":[],"_links":{"self":[{"href":"https:\/\/www.trafficangel.co.uk\/sl\/wp-json\/wp\/v2\/pages\/3704","targetHints":{"allow":["GET"]}}],"collection":[{"href":"https:\/\/www.trafficangel.co.uk\/sl\/wp-json\/wp\/v2\/pages"}],"about":[{"href":"https:\/\/www.trafficangel.co.uk\/sl\/wp-json\/wp\/v2\/types\/page"}],"author":[{"embeddable":true,"href":"https:\/\/www.trafficangel.co.uk\/sl\/wp-json\/wp\/v2\/users\/7"}],"replies":[{"embeddable":true,"href":"https:\/\/www.trafficangel.co.uk\/sl\/wp-json\/wp\/v2\/comments?post=3704"}],"version-history":[{"count":15,"href":"https:\/\/www.trafficangel.co.uk\/sl\/wp-json\/wp\/v2\/pages\/3704\/revisions"}],"predecessor-version":[{"id":3824,"href":"https:\/\/www.trafficangel.co.uk\/sl\/wp-json\/wp\/v2\/pages\/3704\/revisions\/3824"}],"wp:attachment":[{"href":"https:\/\/www.trafficangel.co.uk\/sl\/wp-json\/wp\/v2\/media?parent=3704"}],"curies":[{"name":"wp","href":"https:\/\/api.w.org\/{rel}","templated":true}]}}