{"id":204,"date":"2023-12-15T11:17:01","date_gmt":"2023-12-15T11:17:01","guid":{"rendered":"http:\/\/traffic-angel.local\/?page_id=204"},"modified":"2025-10-15T07:56:01","modified_gmt":"2025-10-15T07:56:01","slug":"o-nas","status":"publish","type":"page","link":"https:\/\/www.trafficangel.co.uk\/sl\/o-nas\/","title":{"rendered":"O nas"},"content":{"rendered":"<p>Na traku TrafficAngel pi\u0161e &#039;Inteligentna transportna tehnologija&#039; in to je bistvo na\u0161ega po\u010detja, saj dobavljamo in name\u0161\u010damo varnostno opremo za kamere in senzorje v transportni industriji, ki inteligentno izpolnjuje \u0161tevilne in raznolike zahteve na\u0161ih strank.<\/p><div id=\"\"\n    class=\"flex flex-wrap my-12 lg:flex-nowrap text-image-split-block\">\n    <div class=\"w-full h-[350px] lg:h-auto lg:w-1\/2 md:order-1 bg-cover bg-center bg-no-repeat text-image-image\"\n        style=\"background-image: url('https:\/\/www.trafficangel.co.uk\/wp-content\/uploads\/2024\/04\/20240316_124142_cropped-scaled.jpg');\">\n\n    <\/div>\n    <div class=\"w-full lg:w-1\/2 md:order-2 flex items-center bg-offWhite px-4 md:px-8 lg:px-14 md:py-12 py-5\">\n        <div class=\"split-block-content\">\n                        <h2 class=\"split-block-title mb-3 text-2xl lg:mb-4 text-secondary md:text-3xl font-roboto lg:text-3xl\">\n                Izvedite ve\u010d o nas            <\/h2>\n                                    <div class=\"p-0 mb-0 text-base\">\n                <p>Od leta 2004 je TrafficAngel u\u017eival v izjemni rasti in zdaj dobavlja in servisira stranke po vsej panogi, od operaterjev z enim lastnikom do voznih parkov z 2000 vozili ali ve\u010d.<\/p>\n<p>Od svetilnikov, opozorilnih lu\u010di, sprednjih in zadnjih varnostnih senzorjev in alarmov za obra\u010danje do najnovej\u0161ih video posnetkov v \u017eivo, radi mislimo, da je TrafficAngel vse na enem mestu za vse, kar zadeva varnost v prometu!<\/p>\n            <\/div>\n                    <\/div>\n    <\/div>\n<\/div><p><strong>Verjamemo, da smo kot podjetje zrasli iz naslednjih razlogov:<\/strong><\/p><ul class=\"wp-block-list\"><li>imamo sposobnost hitrega odziva na individualne zahteve strank<\/li>\n\n<li>imamo ve\u0161\u010dine za na\u010drtovanje, dostavo in namestitev sistemov kamer in senzorjev po meri za vse vrste vozil<\/li>\n\n<li>lahko hitro in u\u010dinkovito izpolnimo tako velika kot majhna naro\u010dila<\/li>\n\n<li>na\u0161im strankam damo \u010das, ki si ga zaslu\u017eijo, in kar je najpomembnej\u0161e ...<\/li>\n\n<li>vsaki stranki nudimo \u017eivo in dobro obve\u0161\u010deno osebo, s katero se lahko pogovorimo, ko zazvoni telefon. S TrafficAngel ne boste \u010dakali v avtomatizirani \u010dakalni vrsti!&nbsp;<\/li><\/ul><div id=\"\"\n    class=\"flex flex-wrap my-12 lg:flex-nowrap text-image-split-block\">\n    <div class=\"w-full h-[350px] lg:h-auto lg:w-1\/2 md:order-2 bg-cover bg-center bg-no-repeat text-image-image\"\n        style=\"background-image: url('https:\/\/www.trafficangel.co.uk\/wp-content\/uploads\/2024\/08\/bg_home-copy.jpg');\">\n\n    <\/div>\n    <div class=\"w-full lg:w-1\/2 md:order-1 flex items-center bg-offWhite px-4 md:px-8 lg:px-14 md:py-12 py-5\">\n        <div class=\"split-block-content\">\n                        <h2 class=\"split-block-title mb-3 text-2xl lg:mb-4 text-secondary md:text-3xl font-roboto lg:text-3xl\">\n                Progresivni varni sistem            <\/h2>\n                                    <div class=\"p-0 mb-0 text-base\">\n                <p>In zdaj z uvedbo poobla\u0161\u010denega progresivnega varnega sistema TfL v celotnem Londonu slu\u017eimo na\u0161i obstoje\u010di bazi strank in pridobivamo \u0161tevilne nove stranke z najnovej\u0161o tehnologijo kamer z umetno inteligenco ter zagotavljamo in name\u0161\u010damo te sisteme z enako stopnjo profesionalnosti.<\/p>\n<p>Prosimo, da se pogovorite z nami o kakr\u0161nih koli zahtevah, ki jih morda imate za naprej, nazaj, v bistvu za varno pot kamor koli z gospodarskim vozilom!<\/p>\n            <\/div>\n                    <\/div>\n    <\/div>\n<\/div>","protected":false},"excerpt":{"rendered":"<p>Na traku TrafficAngel pi\u0161e &quot;Inteligentna transportna tehnologija&quot; in to je bistvo na\u0161ega po\u010detja, saj dobavljamo in name\u0161\u010damo kamero in senzorsko varnostno opremo za transportno industrijo, ki<\/p>","protected":false},"author":1,"featured_media":0,"parent":0,"menu_order":0,"comment_status":"closed","ping_status":"closed","template":"","meta":{"_acf_changed":false,"footnotes":""},"class_list":["post-204","page","type-page","status-publish","hentry"],"acf":[],"_links":{"self":[{"href":"https:\/\/www.trafficangel.co.uk\/sl\/wp-json\/wp\/v2\/pages\/204","targetHints":{"allow":["GET"]}}],"collection":[{"href":"https:\/\/www.trafficangel.co.uk\/sl\/wp-json\/wp\/v2\/pages"}],"about":[{"href":"https:\/\/www.trafficangel.co.uk\/sl\/wp-json\/wp\/v2\/types\/page"}],"author":[{"embeddable":true,"href":"https:\/\/www.trafficangel.co.uk\/sl\/wp-json\/wp\/v2\/users\/1"}],"replies":[{"embeddable":true,"href":"https:\/\/www.trafficangel.co.uk\/sl\/wp-json\/wp\/v2\/comments?post=204"}],"version-history":[{"count":64,"href":"https:\/\/www.trafficangel.co.uk\/sl\/wp-json\/wp\/v2\/pages\/204\/revisions"}],"predecessor-version":[{"id":3952,"href":"https:\/\/www.trafficangel.co.uk\/sl\/wp-json\/wp\/v2\/pages\/204\/revisions\/3952"}],"wp:attachment":[{"href":"https:\/\/www.trafficangel.co.uk\/sl\/wp-json\/wp\/v2\/media?parent=204"}],"curies":[{"name":"wp","href":"https:\/\/api.w.org\/{rel}","templated":true}]}}