{"id":1673,"date":"2024-01-15T04:02:39","date_gmt":"2024-01-15T04:02:39","guid":{"rendered":"https:\/\/trafficangel-qqzv.temp-dns.com\/?page_id=1673"},"modified":"2024-04-18T09:18:04","modified_gmt":"2024-04-18T09:18:04","slug":"dostava-in-vracila","status":"publish","type":"page","link":"https:\/\/www.trafficangel.co.uk\/sl\/dostava-in-vracila\/","title":{"rendered":"Dostava in vra\u010dila"},"content":{"rendered":"<p>Na\u0161 cilj je, da naro\u010dila po\u0161ljemo \u0161e isti dan, \u010de jih naro\u010dimo pred 13. uro, za dostavo ve\u010dine na\u0161ih naro\u010dil uporabljamo DPD, vsa naro\u010dila so poslana naslednji dan, kjer je na voljo, z nekaterimi destinacijami dvodnevno storitev. Ponujamo tudi vrsto storitev \u010dasovno omejene dostave, vklju\u010dno s sobotno dostavo, ki jo lahko izberete na blagajni.<\/p><p>Prosimo, upo\u0161tevajte, da lahko odprema ve\u010djih naro\u010dil traja dlje, kontaktirali vas bomo z oceno dostave, \u010de to velja za va\u0161e naro\u010dilo.<\/p><p>\u010ce \u017eelite vrniti izdelek, prenesite kopijo na\u0161ih vra\u010dil za&nbsp;<a href=\"https:\/\/www.trafficangel.co.uk\/wp-content\/uploads\/2024\/04\/TrafficAngel-Customer-Returns-Form.docx\">TUKAJ<\/a>, ko ga izpolnite, ga natisnite in vlo\u017eite v paket ali po\u0161ljite po e-po\u0161ti na naslov&nbsp;<a href=\"mailto:help@trafficangel.co.uk\">help@trafficangel.co.uk<\/a>&nbsp;s sledilno \u0161tevilko paketa.<br>V malo verjetni situaciji, da morate vrniti izdelek, ker je pokvarjen, ali \u017eelite uveljavljati garancijski zahtevek, izpolnite kopijo na\u0161ega obrazca za vra\u010dila in ga natisnite ter polo\u017eite v paket ali po\u0161ljite e-po\u0161to na&nbsp;<a href=\"mailto:help@trafficangel.co.uk\">help@trafficangel.co.uk<\/a>&nbsp;s prilo\u017eenim obrazcem za vra\u010dilo in podatki o sledenju po\u0161iljke.<\/p><p>Dogovorimo se lahko tudi, da na\u0161 kurir DPD prevzame vra\u010dila ali garancijske zahtevke. \u010ce \u017eelite to urediti, po\u0161ljite e-po\u0161to&nbsp;<a href=\"mailto:help@trafficangel.co.uk\">help@trafficangel.co.uk<\/a>&nbsp;in dolo\u010dite naslov prevzema ter najbolj\u0161i datum in uro za prevzem.<\/p>","protected":false},"excerpt":{"rendered":"<p>Naro\u010dila, oddana pred 13. uro, odpo\u0161ljemo isti dan. Za dostavo ve\u010dine naro\u010dil uporabljamo DPD, vsa naro\u010dila pa so poslana naslednji dan.<\/p>","protected":false},"author":1,"featured_media":0,"parent":0,"menu_order":0,"comment_status":"closed","ping_status":"closed","template":"","meta":{"_acf_changed":false,"footnotes":""},"class_list":["post-1673","page","type-page","status-publish","hentry"],"acf":[],"_links":{"self":[{"href":"https:\/\/www.trafficangel.co.uk\/sl\/wp-json\/wp\/v2\/pages\/1673","targetHints":{"allow":["GET"]}}],"collection":[{"href":"https:\/\/www.trafficangel.co.uk\/sl\/wp-json\/wp\/v2\/pages"}],"about":[{"href":"https:\/\/www.trafficangel.co.uk\/sl\/wp-json\/wp\/v2\/types\/page"}],"author":[{"embeddable":true,"href":"https:\/\/www.trafficangel.co.uk\/sl\/wp-json\/wp\/v2\/users\/1"}],"replies":[{"embeddable":true,"href":"https:\/\/www.trafficangel.co.uk\/sl\/wp-json\/wp\/v2\/comments?post=1673"}],"version-history":[{"count":3,"href":"https:\/\/www.trafficangel.co.uk\/sl\/wp-json\/wp\/v2\/pages\/1673\/revisions"}],"predecessor-version":[{"id":2385,"href":"https:\/\/www.trafficangel.co.uk\/sl\/wp-json\/wp\/v2\/pages\/1673\/revisions\/2385"}],"wp:attachment":[{"href":"https:\/\/www.trafficangel.co.uk\/sl\/wp-json\/wp\/v2\/media?parent=1673"}],"curies":[{"name":"wp","href":"https:\/\/api.w.org\/{rel}","templated":true}]}}