{"id":2798,"date":"2024-06-13T10:02:00","date_gmt":"2024-06-13T10:02:00","guid":{"rendered":"https:\/\/trafficangel-qqzv.temp-dns.com\/?post_type=product&#038;p=2798"},"modified":"2025-10-20T10:37:41","modified_gmt":"2025-10-20T10:37:41","slug":"modul-de-integrare-camera-dvr-cu-1-canal-pentru-sistemul-de-siguranta-progresiva-trafficangel","status":"publish","type":"product","link":"https:\/\/www.trafficangel.co.uk\/ro\/produs-2\/modul-de-integrare-camera-dvr-cu-1-canal-pentru-sistemul-de-siguranta-progresiva-trafficangel\/","title":{"rendered":"Modul de integrare a camerei DVR cu 1 canal pentru sistemul de siguran\u021b\u0103 progresiv TrafficAngel"},"content":{"rendered":"<p>Acest modul de integrare DVR permite camera lateral\u0103 de la TrafficAngel <a href=\"https:\/\/www.trafficangel.co.uk\/ro\/sistem-progresiv-de-siguranta\/\" target=\"_blank\" rel=\"noopener\">Sistem progresiv de siguran\u021b\u0103<\/a> pentru a fi utilizat ca parte a sistemului nostru de \u00eenregistrare TA2. Modulul are 1x intrare (pentru camera lateral\u0103) \u0219i ie\u0219iri care merg la PSS ECU \u0219i DVR. Acest lucru permite func\u021bionalit\u0103\u021bii run-on-record a sistemelor noastre DVR s\u0103 func\u021bioneze f\u0103r\u0103 ca PSS s\u0103 fie pornit.<\/p>","protected":false},"excerpt":{"rendered":"<p>Un modul de integrare a camerei DVR cu 1 canal pentru sistemul de siguran\u021b\u0103 progresiv TrafficAngel<\/p>","protected":false},"featured_media":3003,"template":"","meta":{"_acf_changed":false},"product_cat":[85,53],"product_tag":[],"class_list":{"0":"post-2798","1":"product","2":"type-product","3":"status-publish","4":"has-post-thumbnail","6":"product_cat-components","7":"product_cat-progressive-safe-system","9":"first","10":"instock","11":"taxable","12":"shipping-taxable","13":"purchasable","14":"product-type-simple"},"acf":[],"_links":{"self":[{"href":"https:\/\/www.trafficangel.co.uk\/ro\/wp-json\/wp\/v2\/product\/2798","targetHints":{"allow":["GET"]}}],"collection":[{"href":"https:\/\/www.trafficangel.co.uk\/ro\/wp-json\/wp\/v2\/product"}],"about":[{"href":"https:\/\/www.trafficangel.co.uk\/ro\/wp-json\/wp\/v2\/types\/product"}],"wp:featuredmedia":[{"embeddable":true,"href":"https:\/\/www.trafficangel.co.uk\/ro\/wp-json\/wp\/v2\/media\/3003"}],"wp:attachment":[{"href":"https:\/\/www.trafficangel.co.uk\/ro\/wp-json\/wp\/v2\/media?parent=2798"}],"wp:term":[{"taxonomy":"product_cat","embeddable":true,"href":"https:\/\/www.trafficangel.co.uk\/ro\/wp-json\/wp\/v2\/product_cat?post=2798"},{"taxonomy":"product_tag","embeddable":true,"href":"https:\/\/www.trafficangel.co.uk\/ro\/wp-json\/wp\/v2\/product_tag?post=2798"}],"curies":[{"name":"wp","href":"https:\/\/api.w.org\/{rel}","templated":true}]}}