{"id":2712,"date":"2024-05-26T20:11:09","date_gmt":"2024-05-26T20:11:09","guid":{"rendered":"https:\/\/trafficangel-qqzv.temp-dns.com\/?post_type=product&#038;p=2712"},"modified":"2024-10-23T10:52:53","modified_gmt":"2024-10-23T10:52:53","slug":"kit-de-instalare-premium-pentru-sistemul-de-siguranta-progresiv-trafficangel","status":"publish","type":"product","link":"https:\/\/www.trafficangel.co.uk\/ro\/produs-2\/kit-de-instalare-premium-pentru-sistemul-de-siguranta-progresiv-trafficangel\/","title":{"rendered":"Kit de instalare Premium+ pentru sistemul de siguran\u021b\u0103 progresiv TrafficAngel"},"content":{"rendered":"<p>Acest kit de instalare pentru TrafficAngel <a href=\"https:\/\/www.trafficangel.co.uk\/ro\/sistem-progresiv-de-siguranta\/\" target=\"_blank\" rel=\"noopener\">Sistem progresiv de siguran\u021b\u0103<\/a> este necesar pentru configurarea \u0219i calibrarea sistemului.<\/p>\n<p>Setul include urm\u0103toarele articole:<\/p>\n<p>1 tablet\u0103 de 8\u2033, pre-configurat\u0103 cu aplica\u021bie de calibrare<\/p>\n<p>1x baterie re\u00eenc\u0103rcabil\u0103 + cablu USB \u0219i adaptor cu 4 pini<\/p>\n<p>1x carcas\u0103 pentru stilou \u0219i tablet\u0103<\/p>\n<p>1 instrument de calibrare Wi-Fi<\/p>\n<p>6x conuri de marcare<\/p>\n<p>1x adaptor de alimentare pentru priza brichetei<\/p>","protected":false},"excerpt":{"rendered":"<p>Un kit de instalare Premium+ pentru sistemul TrafficAngel Progressive Safe<\/p>","protected":false},"featured_media":2922,"template":"","meta":{"_acf_changed":false},"product_cat":[85,53],"product_tag":[],"class_list":{"0":"post-2712","1":"product","2":"type-product","3":"status-publish","4":"has-post-thumbnail","6":"product_cat-components","7":"product_cat-progressive-safe-system","9":"first","10":"instock","11":"taxable","12":"shipping-taxable","13":"purchasable","14":"product-type-simple"},"acf":[],"_links":{"self":[{"href":"https:\/\/www.trafficangel.co.uk\/ro\/wp-json\/wp\/v2\/product\/2712","targetHints":{"allow":["GET"]}}],"collection":[{"href":"https:\/\/www.trafficangel.co.uk\/ro\/wp-json\/wp\/v2\/product"}],"about":[{"href":"https:\/\/www.trafficangel.co.uk\/ro\/wp-json\/wp\/v2\/types\/product"}],"wp:featuredmedia":[{"embeddable":true,"href":"https:\/\/www.trafficangel.co.uk\/ro\/wp-json\/wp\/v2\/media\/2922"}],"wp:attachment":[{"href":"https:\/\/www.trafficangel.co.uk\/ro\/wp-json\/wp\/v2\/media?parent=2712"}],"wp:term":[{"taxonomy":"product_cat","embeddable":true,"href":"https:\/\/www.trafficangel.co.uk\/ro\/wp-json\/wp\/v2\/product_cat?post=2712"},{"taxonomy":"product_tag","embeddable":true,"href":"https:\/\/www.trafficangel.co.uk\/ro\/wp-json\/wp\/v2\/product_tag?post=2712"}],"curies":[{"name":"wp","href":"https:\/\/api.w.org\/{rel}","templated":true}]}}