{"id":2711,"date":"2024-05-26T20:09:56","date_gmt":"2024-05-26T20:09:56","guid":{"rendered":"https:\/\/trafficangel-qqzv.temp-dns.com\/?post_type=product&#038;p=2711"},"modified":"2024-10-23T10:53:54","modified_gmt":"2024-10-23T10:53:54","slug":"kit-esential-de-instalare-pentru-sistemul-de-siguranta-progresiva-trafficangel-2","status":"publish","type":"product","link":"https:\/\/www.trafficangel.co.uk\/ro\/produs-2\/kit-esential-de-instalare-pentru-sistemul-de-siguranta-progresiva-trafficangel-2\/","title":{"rendered":"Kit de instalare Essential+ pentru sistemul de siguran\u021b\u0103 progresiv TrafficAngel"},"content":{"rendered":"<p>Acest kit de instalare pentru TrafficAngel <a href=\"https:\/\/www.trafficangel.co.uk\/ro\/sistem-progresiv-de-siguranta\/\" target=\"_blank\" rel=\"noopener\">Sistem progresiv de siguran\u021b\u0103<\/a> este necesar pentru configurarea \u0219i calibrarea sistemului.<\/p>\n<p>Setul include urm\u0103toarele articole:<\/p>\n<p>1x baterie re\u00eenc\u0103rcabil\u0103 + cablu USB \u0219i adaptor cu 4 pini<\/p>\n<p>1 instrument de calibrare Wi-Fi<\/p>\n<p>6x conuri de marcare<\/p>\n<p>1x adaptor de alimentare pentru priza brichetei<\/p>","protected":false},"excerpt":{"rendered":"<p>Un kit de instalare Essential+ pentru sistemul de siguran\u021b\u0103 progresiv TrafficAngel<\/p>","protected":false},"featured_media":2923,"template":"","meta":{"_acf_changed":false},"product_cat":[85,53],"product_tag":[],"class_list":{"0":"post-2711","1":"product","2":"type-product","3":"status-publish","4":"has-post-thumbnail","6":"product_cat-components","7":"product_cat-progressive-safe-system","9":"first","10":"instock","11":"taxable","12":"shipping-taxable","13":"purchasable","14":"product-type-simple"},"acf":[],"_links":{"self":[{"href":"https:\/\/www.trafficangel.co.uk\/ro\/wp-json\/wp\/v2\/product\/2711","targetHints":{"allow":["GET"]}}],"collection":[{"href":"https:\/\/www.trafficangel.co.uk\/ro\/wp-json\/wp\/v2\/product"}],"about":[{"href":"https:\/\/www.trafficangel.co.uk\/ro\/wp-json\/wp\/v2\/types\/product"}],"wp:featuredmedia":[{"embeddable":true,"href":"https:\/\/www.trafficangel.co.uk\/ro\/wp-json\/wp\/v2\/media\/2923"}],"wp:attachment":[{"href":"https:\/\/www.trafficangel.co.uk\/ro\/wp-json\/wp\/v2\/media?parent=2711"}],"wp:term":[{"taxonomy":"product_cat","embeddable":true,"href":"https:\/\/www.trafficangel.co.uk\/ro\/wp-json\/wp\/v2\/product_cat?post=2711"},{"taxonomy":"product_tag","embeddable":true,"href":"https:\/\/www.trafficangel.co.uk\/ro\/wp-json\/wp\/v2\/product_tag?post=2711"}],"curies":[{"name":"wp","href":"https:\/\/api.w.org\/{rel}","templated":true}]}}