{"id":2707,"date":"2024-05-26T20:01:21","date_gmt":"2024-05-26T20:01:21","guid":{"rendered":"https:\/\/trafficangel-qqzv.temp-dns.com\/?post_type=product&#038;p=2707"},"modified":"2024-10-23T10:59:53","modified_gmt":"2024-10-23T10:59:53","slug":"instrument-de-calibrare-wi-fi-versiunea-2-pentru-sistemul-trafficangel-progressive-safe","status":"publish","type":"product","link":"https:\/\/www.trafficangel.co.uk\/ro\/produs-2\/instrument-de-calibrare-wi-fi-versiunea-2-pentru-sistemul-trafficangel-progressive-safe\/","title":{"rendered":"Instrument de calibrare Wi-Fi (versiunea 2) pentru sistemul de siguran\u021b\u0103 progresiv TrafficAngel"},"content":{"rendered":"<p>Instrument Wi-Fi pentru calibrarea TrafficAngel <a href=\"https:\/\/www.trafficangel.co.uk\/ro\/sistem-progresiv-de-siguranta\/\" target=\"_blank\" rel=\"noopener\">Sistem progresiv de siguran\u021b\u0103<\/a>. V\u0103 rug\u0103m s\u0103 re\u021bine\u021bi c\u0103 acest instrument este compatibil numai cu sistemele cu un cod de lot de 04\/24 sau mai nou.<\/p>","protected":false},"excerpt":{"rendered":"<p>Un instrument de calibrare Wi-Fi (versiunea 2) pentru sistemul de siguran\u021b\u0103 progresiv TrafficAngel<\/p>","protected":false},"featured_media":2995,"template":"","meta":{"_acf_changed":false},"product_cat":[85,53],"product_tag":[],"class_list":{"0":"post-2707","1":"product","2":"type-product","3":"status-publish","4":"has-post-thumbnail","6":"product_cat-components","7":"product_cat-progressive-safe-system","9":"first","10":"instock","11":"taxable","12":"shipping-taxable","13":"purchasable","14":"product-type-simple"},"acf":[],"_links":{"self":[{"href":"https:\/\/www.trafficangel.co.uk\/ro\/wp-json\/wp\/v2\/product\/2707","targetHints":{"allow":["GET"]}}],"collection":[{"href":"https:\/\/www.trafficangel.co.uk\/ro\/wp-json\/wp\/v2\/product"}],"about":[{"href":"https:\/\/www.trafficangel.co.uk\/ro\/wp-json\/wp\/v2\/types\/product"}],"wp:featuredmedia":[{"embeddable":true,"href":"https:\/\/www.trafficangel.co.uk\/ro\/wp-json\/wp\/v2\/media\/2995"}],"wp:attachment":[{"href":"https:\/\/www.trafficangel.co.uk\/ro\/wp-json\/wp\/v2\/media?parent=2707"}],"wp:term":[{"taxonomy":"product_cat","embeddable":true,"href":"https:\/\/www.trafficangel.co.uk\/ro\/wp-json\/wp\/v2\/product_cat?post=2707"},{"taxonomy":"product_tag","embeddable":true,"href":"https:\/\/www.trafficangel.co.uk\/ro\/wp-json\/wp\/v2\/product_tag?post=2707"}],"curies":[{"name":"wp","href":"https:\/\/api.w.org\/{rel}","templated":true}]}}