{"id":2702,"date":"2024-05-26T19:43:31","date_gmt":"2024-05-26T19:43:31","guid":{"rendered":"https:\/\/trafficangel-qqzv.temp-dns.com\/?post_type=product&#038;p=2702"},"modified":"2025-10-20T10:23:33","modified_gmt":"2025-10-20T10:23:33","slug":"sistem-de-siguranta-progresiv-trafficangel-mois-bsis-cu-3-camere-ai-volan-pe-stanga","status":"publish","type":"product","link":"https:\/\/www.trafficangel.co.uk\/ro\/produs-2\/sistem-de-siguranta-progresiv-trafficangel-mois-bsis-cu-3-camere-ai-volan-pe-stanga\/","title":{"rendered":"TrafficAngel Progressive Safe System MOIS + BSIS Sistem de camere 3 x AI \u2013 Volan pe stanga"},"content":{"rendered":"<p style=\"font-weight: 400;\">The <strong>TrafficAngel <a href=\"https:\/\/www.trafficangel.co.uk\/ro\/sistem-progresiv-de-siguranta-2024\/\" target=\"_blank\" rel=\"noopener\">Sistem progresiv de siguran\u021b\u0103<\/a><\/strong> cuprinde 3 x camere AI (1 x \u00eenainte, 1 x col\u021b \u0219i 1 x lateral), 1 x afi\u0219aj offside, 1 x afi\u0219aj din apropiere, 1 x unitate de control, 1 x modul giroscop\/GPS, care atunci c\u00e2nd este instalat \u00eendepline\u0219te toate cerin\u021bele stipulate de TfL \u00een cea mai recent\u0103 documenta\u021bie privind PSS\/BSIS\/MOIS, inclusiv diferen\u021bierea \u00eentre mobilierul pietonal \u0219i stradal \u0219i avertismentul audio r\u0103m\u00e2n\u00e2nd silen\u021bios atunci c\u00e2nd nu exist\u0103 niciun pericol perceput pentru utilizatorul vulnerabil al drumului (VRU) \u00een timp ce se afl\u0103 \u00een raza de detectare.<\/p>\n<p>Pentru o descriere simpl\u0103 a modului \u00een care func\u021bioneaz\u0103 sistemul, accesa\u021bi aici. Sau pentru a citi un ghid complet pe PSS go <a href=\"https:\/\/trafficangel.co.uk\/wp-content\/uploads\/2024\/04\/TAPPS-Summary.pdf\" target=\"_blank\" rel=\"noopener\">Aici<\/a>.<\/p>","protected":false},"excerpt":{"rendered":"<p>The <strong>Sistem de siguran\u021b\u0103 progresiv TrafficAngel<\/strong> cuprinde 3 x camere AI (1 x \u00eenainte, 1 x col\u021b \u0219i 1 x lateral), 1 x afi\u0219aj offside, 1 x afi\u0219aj din apropiere, 1 x unitate de control, 1 x modul giroscop\/GPS, care atunci c\u00e2nd este instalat \u00eendepline\u0219te toate cerin\u021bele stipulate de TfL \u00een cea mai recent\u0103 documenta\u021bie privind PSS\/BSIS\/MOIS, inclusiv diferen\u021bierea \u00eentre mobilierul pietonal \u0219i stradal \u0219i avertismentul audio r\u0103m\u00e2n\u00e2nd silen\u021bios atunci c\u00e2nd nu exist\u0103 niciun pericol perceput pentru utilizatorul vulnerabil al drumului (VRU) \u00een timp ce se afl\u0103 \u00een raza de detectare.<\/p>","protected":false},"featured_media":2933,"template":"","meta":{"_acf_changed":false},"product_cat":[53,84],"product_tag":[],"class_list":{"0":"post-2702","1":"product","2":"type-product","3":"status-publish","4":"has-post-thumbnail","6":"product_cat-progressive-safe-system","7":"product_cat-pss-solutions","9":"first","10":"instock","11":"taxable","12":"shipping-taxable","13":"purchasable","14":"product-type-simple"},"acf":[],"_links":{"self":[{"href":"https:\/\/www.trafficangel.co.uk\/ro\/wp-json\/wp\/v2\/product\/2702","targetHints":{"allow":["GET"]}}],"collection":[{"href":"https:\/\/www.trafficangel.co.uk\/ro\/wp-json\/wp\/v2\/product"}],"about":[{"href":"https:\/\/www.trafficangel.co.uk\/ro\/wp-json\/wp\/v2\/types\/product"}],"wp:featuredmedia":[{"embeddable":true,"href":"https:\/\/www.trafficangel.co.uk\/ro\/wp-json\/wp\/v2\/media\/2933"}],"wp:attachment":[{"href":"https:\/\/www.trafficangel.co.uk\/ro\/wp-json\/wp\/v2\/media?parent=2702"}],"wp:term":[{"taxonomy":"product_cat","embeddable":true,"href":"https:\/\/www.trafficangel.co.uk\/ro\/wp-json\/wp\/v2\/product_cat?post=2702"},{"taxonomy":"product_tag","embeddable":true,"href":"https:\/\/www.trafficangel.co.uk\/ro\/wp-json\/wp\/v2\/product_tag?post=2702"}],"curies":[{"name":"wp","href":"https:\/\/api.w.org\/{rel}","templated":true}]}}