{"id":1716,"date":"2024-01-19T12:50:48","date_gmt":"2024-01-19T12:50:48","guid":{"rendered":"https:\/\/trafficangel-qqzv.temp-dns.com\/product\/trafficangel-safe-system-angled-wedge-for-side-camera\/"},"modified":"2025-10-20T14:17:09","modified_gmt":"2025-10-20T14:17:09","slug":"pana-unghiulara-pentru-camera-de-colt-lateral-pentru-sistemul-de-siguranta-progresiva-trafficangel","status":"publish","type":"product","link":"https:\/\/www.trafficangel.co.uk\/ro\/produs-2\/pana-unghiulara-pentru-camera-de-colt-lateral-pentru-sistemul-de-siguranta-progresiva-trafficangel\/","title":{"rendered":"Camer\u0103 lateral\u0103\/de col\u021b Pan\u0103 unghiular\u0103 pentru sistemul de siguran\u021b\u0103 progresiv TrafficAngel"},"content":{"rendered":"<p>Pan\u0103 de montare a camerei din silicon \u00een unghi, potrivit\u0103 pentru TrafficAngel <a href=\"https:\/\/www.trafficangel.co.uk\/ro\/sistem-progresiv-de-siguranta\/\" target=\"_blank\" rel=\"noopener\">Sistem progresiv de siguran\u021b\u0103<\/a>Camerele laterale \u0219i de col\u021b ale lui (PSS-SC \u0219i PSS-CC).<\/p>","protected":false},"excerpt":{"rendered":"<p>O camer\u0103 \u00eenclinat\u0103 lateral\u0103\/de col\u021b pentru sistemul de siguran\u021b\u0103 progresiv TrafficAngel<\/p>","protected":false},"featured_media":2278,"template":"","meta":{"_acf_changed":false},"product_cat":[85,53],"product_tag":[],"class_list":{"0":"post-1716","1":"product","2":"type-product","3":"status-publish","4":"has-post-thumbnail","6":"product_cat-components","7":"product_cat-progressive-safe-system","9":"first","10":"instock","11":"taxable","12":"shipping-taxable","13":"purchasable","14":"product-type-simple"},"acf":[],"_links":{"self":[{"href":"https:\/\/www.trafficangel.co.uk\/ro\/wp-json\/wp\/v2\/product\/1716","targetHints":{"allow":["GET"]}}],"collection":[{"href":"https:\/\/www.trafficangel.co.uk\/ro\/wp-json\/wp\/v2\/product"}],"about":[{"href":"https:\/\/www.trafficangel.co.uk\/ro\/wp-json\/wp\/v2\/types\/product"}],"wp:featuredmedia":[{"embeddable":true,"href":"https:\/\/www.trafficangel.co.uk\/ro\/wp-json\/wp\/v2\/media\/2278"}],"wp:attachment":[{"href":"https:\/\/www.trafficangel.co.uk\/ro\/wp-json\/wp\/v2\/media?parent=1716"}],"wp:term":[{"taxonomy":"product_cat","embeddable":true,"href":"https:\/\/www.trafficangel.co.uk\/ro\/wp-json\/wp\/v2\/product_cat?post=1716"},{"taxonomy":"product_tag","embeddable":true,"href":"https:\/\/www.trafficangel.co.uk\/ro\/wp-json\/wp\/v2\/product_tag?post=1716"}],"curies":[{"name":"wp","href":"https:\/\/api.w.org\/{rel}","templated":true}]}}