{"id":1553,"date":"2024-01-19T12:50:21","date_gmt":"2024-01-19T12:50:21","guid":{"rendered":"http:\/\/traffic-angel.local\/product\/4-channel-sd-card-dvr-with-3g-4g-js2-inc-lrb-cdt2-gps\/"},"modified":"2025-11-12T13:52:56","modified_gmt":"2025-11-12T13:52:56","slug":"dvr-cu-4-canale-cu-card-sd-dublu-gps-si-3g-4g","status":"publish","type":"product","link":"https:\/\/www.trafficangel.co.uk\/ro\/produs-2\/dvr-cu-4-canale-cu-card-sd-dublu-gps-si-3g-4g\/","title":{"rendered":"DVR cu card SD dublu cu 4 canale cu GPS \u0219i 3G\/4G"},"content":{"rendered":"<p>TrafficAngel <a href=\"https:\/\/www.trafficangel.co.uk\/ro\/digital-video-recorders\/\">\u00cenregistratoare video digitale<\/a> (DVR) ofer\u0103 o modalitate fiabil\u0103 \u0219i sigur\u0103 de \u00eenregistrare a mai multor camere din jurul vehiculelor dumneavoastr\u0103, cu o gam\u0103 larg\u0103 de caracteristici, gama noastr\u0103 ofer\u0103 flexibilitate pentru a adapta solu\u021biile de \u00eenregistrare la cerin\u021bele dumneavoastr\u0103. DVR-urile noastre aduc mari beneficii tuturor sectoarelor, de la operatorii de flote la proiecte unice personalizate. Siguran\u021ba \u00een jurul vehiculelor este primordial\u0103, iar toate DVR-urile noastre, inclusiv acest DVR cu 4 canale \u0219i dou\u0103 carduri SD cu GPS \u0219i 3G\/4G, contribuie la promovarea unor practici de conducere mai sigure \u0219i mai responsabile. Sistemele de \u00eenregistrare economisesc, de asemenea, bani, captur\u00e2nd dovezi clare \u00een caz de incidente, elimin\u00e2nd cererile de desp\u0103gubire false \u0219i, prin urmare, oferind economii semnificative la primele de asigurare. Securitatea oferit\u0103 de un sistem de \u00eenregistrare protejeaz\u0103, de asemenea, \u0219oferii, vehiculele \u0219i bunurile, func\u021bion\u00e2nd ca o m\u0103sur\u0103 preventiv\u0103 de descurajare a activit\u0103\u021bii infrac\u021bionale.<\/p>","protected":false},"excerpt":{"rendered":"<p>Un DVR cu 4 canale, cu card SD dublu, GPS \u0219i 3G\/4G. Afla\u021bi mai multe despre... <a href=\"https:\/\/www.trafficangel.co.uk\/ro\/digital-video-recorders\/\" target=\"_blank\" rel=\"noopener\">\u00cenregistratoare video digitale<\/a>.<\/p>","protected":false},"featured_media":1040,"template":"","meta":{"_acf_changed":false},"product_cat":[19,48],"product_tag":[],"class_list":{"0":"post-1553","1":"product","2":"type-product","3":"status-publish","4":"has-post-thumbnail","6":"product_cat-video-recording-systems","7":"product_cat-dvrs","9":"first","10":"instock","11":"taxable","12":"shipping-taxable","13":"purchasable","14":"product-type-simple"},"acf":[],"_links":{"self":[{"href":"https:\/\/www.trafficangel.co.uk\/ro\/wp-json\/wp\/v2\/product\/1553","targetHints":{"allow":["GET"]}}],"collection":[{"href":"https:\/\/www.trafficangel.co.uk\/ro\/wp-json\/wp\/v2\/product"}],"about":[{"href":"https:\/\/www.trafficangel.co.uk\/ro\/wp-json\/wp\/v2\/types\/product"}],"wp:featuredmedia":[{"embeddable":true,"href":"https:\/\/www.trafficangel.co.uk\/ro\/wp-json\/wp\/v2\/media\/1040"}],"wp:attachment":[{"href":"https:\/\/www.trafficangel.co.uk\/ro\/wp-json\/wp\/v2\/media?parent=1553"}],"wp:term":[{"taxonomy":"product_cat","embeddable":true,"href":"https:\/\/www.trafficangel.co.uk\/ro\/wp-json\/wp\/v2\/product_cat?post=1553"},{"taxonomy":"product_tag","embeddable":true,"href":"https:\/\/www.trafficangel.co.uk\/ro\/wp-json\/wp\/v2\/product_tag?post=1553"}],"curies":[{"name":"wp","href":"https:\/\/api.w.org\/{rel}","templated":true}]}}