{"id":1497,"date":"2024-01-19T12:50:02","date_gmt":"2024-01-19T12:50:02","guid":{"rendered":"http:\/\/traffic-angel.local\/product\/mini-side-camera-offside-black-100\/"},"modified":"2025-12-15T11:09:07","modified_gmt":"2025-12-15T11:09:07","slug":"mini-camera-laterala-offside-neagra-100","status":"publish","type":"product","link":"https:\/\/www.trafficangel.co.uk\/ro\/produs-2\/mini-camera-laterala-offside-neagra-100\/","title":{"rendered":"Mini camer\u0103 lateral\u0103 \u2013 Offside, Negru, 100\u00b0"},"content":{"rendered":"<p>Mini camer\u0103 lateral\u0103 \u2013 Offside, Negru, 100\u00b0<\/p>\n<p>Part of the TrafficAngel security packages, our <a href=\"https:\/\/www.trafficangel.co.uk\/ro\/sisteme-de-camere-van\/\">sisteme de camere van<\/a>\u00a0ofer\u0103 vizibilitate complet\u0103 pentru a sprijini con\u0219tientizarea \u0219oferului \u0219i siguran\u021ba vehiculului. Acestea sunt concepute pentru a \u00eendeplini cerin\u021bele\u00a0<a href=\"https:\/\/www.trafficangel.co.uk\/ro\/londra-dvs\/\">Standard de vedere direct\u0103<\/a>\u00a0(DVS) \u0219i\u00a0<a href=\"https:\/\/www.trafficangel.co.uk\/ro\/sistem-progresiv-de-siguranta-2024\/\">Sistem progresiv de siguran\u021b\u0103<\/a>\u00a0(PSS), inclusiv actualiz\u0103rile PSS din 2024 introduse de Transport for London, asigur\u00e2nd c\u0103 flota dumneavoastr\u0103 r\u0103m\u00e2ne conform\u0103 at\u00e2t \u00een prezent, c\u00e2t \u0219i \u00een viitoarele etape de aplicare a legii.<\/p>","protected":false},"excerpt":{"rendered":"<p>O mini camer\u0103 lateral\u0103 \u2013 Offside, Negru, 100\u00b0<\/p>","protected":false},"featured_media":1194,"template":"","meta":{"_acf_changed":false},"product_cat":[37,42],"product_tag":[],"class_list":{"0":"post-1497","1":"product","2":"type-product","3":"status-publish","4":"has-post-thumbnail","6":"product_cat-cameras","7":"product_cat-side-cameras","9":"first","10":"instock","11":"taxable","12":"shipping-taxable","13":"purchasable","14":"product-type-simple"},"acf":[],"_links":{"self":[{"href":"https:\/\/www.trafficangel.co.uk\/ro\/wp-json\/wp\/v2\/product\/1497","targetHints":{"allow":["GET"]}}],"collection":[{"href":"https:\/\/www.trafficangel.co.uk\/ro\/wp-json\/wp\/v2\/product"}],"about":[{"href":"https:\/\/www.trafficangel.co.uk\/ro\/wp-json\/wp\/v2\/types\/product"}],"wp:featuredmedia":[{"embeddable":true,"href":"https:\/\/www.trafficangel.co.uk\/ro\/wp-json\/wp\/v2\/media\/1194"}],"wp:attachment":[{"href":"https:\/\/www.trafficangel.co.uk\/ro\/wp-json\/wp\/v2\/media?parent=1497"}],"wp:term":[{"taxonomy":"product_cat","embeddable":true,"href":"https:\/\/www.trafficangel.co.uk\/ro\/wp-json\/wp\/v2\/product_cat?post=1497"},{"taxonomy":"product_tag","embeddable":true,"href":"https:\/\/www.trafficangel.co.uk\/ro\/wp-json\/wp\/v2\/product_tag?post=1497"}],"curies":[{"name":"wp","href":"https:\/\/api.w.org\/{rel}","templated":true}]}}