{"id":1441,"date":"2024-01-19T12:49:45","date_gmt":"2024-01-19T12:49:45","guid":{"rendered":"http:\/\/traffic-angel.local\/product\/forward-facing-recording-camera\/"},"modified":"2025-10-20T09:31:14","modified_gmt":"2025-10-20T09:31:14","slug":"sistem-de-inregistrare-cu-camera-de-bord-cu-1-canal-orientat-spre-fata","status":"publish","type":"product","link":"https:\/\/www.trafficangel.co.uk\/ro\/produs-2\/sistem-de-inregistrare-cu-camera-de-bord-cu-1-canal-orientat-spre-fata\/","title":{"rendered":"Sistem de \u00eenregistrare Dashcam cu 1 canal orientat spre \u00eenainte"},"content":{"rendered":"<p>Sistemul de \u00eenregistrare cu camer\u0103 auto cu 1 canal, orientat\u0103 spre fa\u021b\u0103 (cod pies\u0103 FFDVR1) este o solu\u021bie robust\u0103 \u0219i u\u0219or de instalat, conceput\u0103 pentru a satisface nevoile exigente ale flotelor comerciale. Cu un c\u00e2mp vizual larg de 170\u00b0 \u0219i suport pentru \u00eenregistrare at\u00e2t la 1080p, c\u00e2t \u0219i la 720p, acesta surprinde evenimentele critice de pe \u0219osea cu o claritate ridicat\u0103. GPS-ul \u00eencorporat asigur\u0103 o marcare precis\u0103 a orei \u0219i loca\u021biei, \u00een timp ce detectarea mi\u0219c\u0103rii \u0219i \u00eenregistrarea \u00een bucl\u0103 ajut\u0103 la gestionarea eficient\u0103 a stoc\u0103rii.<\/p>\n<p>The system supports up to 256\u202fGB SD cards (PAL\/NTSC compliant) and includes secure SD-card housing to safeguard against tampering. Ideal for enhancing vehicle accountability and driver safety. Ideal for <a href=\"https:\/\/www.trafficangel.co.uk\/ro\/flota-de-camere-de-bord\/\">fleets<\/a>, small businesses or one off purchases.<\/p>","protected":false},"excerpt":{"rendered":"<p>Sistem de \u00eenregistrare Dashcam cu 1 canal orientat spre \u00eenainte<\/p>","protected":false},"featured_media":621,"template":"","meta":{"_acf_changed":false},"product_cat":[19,39],"product_tag":[],"class_list":{"0":"post-1441","1":"product","2":"type-product","3":"status-publish","4":"has-post-thumbnail","6":"product_cat-video-recording-systems","7":"product_cat-dash-cameras","9":"first","10":"instock","11":"taxable","12":"shipping-taxable","13":"purchasable","14":"product-type-simple"},"acf":[],"_links":{"self":[{"href":"https:\/\/www.trafficangel.co.uk\/ro\/wp-json\/wp\/v2\/product\/1441","targetHints":{"allow":["GET"]}}],"collection":[{"href":"https:\/\/www.trafficangel.co.uk\/ro\/wp-json\/wp\/v2\/product"}],"about":[{"href":"https:\/\/www.trafficangel.co.uk\/ro\/wp-json\/wp\/v2\/types\/product"}],"wp:featuredmedia":[{"embeddable":true,"href":"https:\/\/www.trafficangel.co.uk\/ro\/wp-json\/wp\/v2\/media\/621"}],"wp:attachment":[{"href":"https:\/\/www.trafficangel.co.uk\/ro\/wp-json\/wp\/v2\/media?parent=1441"}],"wp:term":[{"taxonomy":"product_cat","embeddable":true,"href":"https:\/\/www.trafficangel.co.uk\/ro\/wp-json\/wp\/v2\/product_cat?post=1441"},{"taxonomy":"product_tag","embeddable":true,"href":"https:\/\/www.trafficangel.co.uk\/ro\/wp-json\/wp\/v2\/product_tag?post=1441"}],"curies":[{"name":"wp","href":"https:\/\/api.w.org\/{rel}","templated":true}]}}