{"id":1432,"date":"2024-01-19T12:49:42","date_gmt":"2024-01-19T12:49:42","guid":{"rendered":"http:\/\/traffic-angel.local\/product\/1m-ethernet-cable-cat-5e-rj45\/"},"modified":"2025-10-20T09:23:27","modified_gmt":"2025-10-20T09:23:27","slug":"cablu-ethernet-1m-cat-5e-rj45","status":"publish","type":"product","link":"https:\/\/www.trafficangel.co.uk\/ro\/produs-2\/cablu-ethernet-1m-cat-5e-rj45\/","title":{"rendered":"Cablu Ethernet de 1 m Cat-5E RJ45"},"content":{"rendered":"<p>Cablul Ethernet Cat-5E RJ45 de 1 m este ideal pentru conexiuni la distan\u021b\u0103 mic\u0103 \u00een sistemele de siguran\u021b\u0103 ale vehiculelor. Perfect pentru conectarea camerelor, DVR-urilor sau echipamentelor telematice unde este necesar\u0103 doar o distan\u021b\u0103 scurt\u0103, acesta ofer\u0103 un transfer de date stabil \u0219i de mare vitez\u0103. Designul Cat-5E asigur\u0103 performan\u021be fiabile ale re\u021belei, \u00een timp ce lungimea compact\u0103 men\u021bine gestionarea cablurilor ordonat\u0103 \u0219i simpl\u0103.<\/p>","protected":false},"excerpt":{"rendered":"<p>Cablul Ethernet Cat-5E RJ45 de 1 m este ideal pentru conexiuni la distan\u021b\u0103 mic\u0103 \u00een sistemele de siguran\u021b\u0103 ale vehiculelor.<\/p>","protected":false},"featured_media":2066,"template":"","meta":{"_acf_changed":false},"product_cat":[26,27],"product_tag":[],"class_list":{"0":"post-1432","1":"product","2":"type-product","3":"status-publish","4":"has-post-thumbnail","6":"product_cat-cables-accessories","7":"product_cat-camera-trailer-cables","9":"first","10":"instock","11":"taxable","12":"shipping-taxable","13":"purchasable","14":"product-type-simple"},"acf":[],"_links":{"self":[{"href":"https:\/\/www.trafficangel.co.uk\/ro\/wp-json\/wp\/v2\/product\/1432","targetHints":{"allow":["GET"]}}],"collection":[{"href":"https:\/\/www.trafficangel.co.uk\/ro\/wp-json\/wp\/v2\/product"}],"about":[{"href":"https:\/\/www.trafficangel.co.uk\/ro\/wp-json\/wp\/v2\/types\/product"}],"wp:featuredmedia":[{"embeddable":true,"href":"https:\/\/www.trafficangel.co.uk\/ro\/wp-json\/wp\/v2\/media\/2066"}],"wp:attachment":[{"href":"https:\/\/www.trafficangel.co.uk\/ro\/wp-json\/wp\/v2\/media?parent=1432"}],"wp:term":[{"taxonomy":"product_cat","embeddable":true,"href":"https:\/\/www.trafficangel.co.uk\/ro\/wp-json\/wp\/v2\/product_cat?post=1432"},{"taxonomy":"product_tag","embeddable":true,"href":"https:\/\/www.trafficangel.co.uk\/ro\/wp-json\/wp\/v2\/product_tag?post=1432"}],"curies":[{"name":"wp","href":"https:\/\/api.w.org\/{rel}","templated":true}]}}