{"id":1421,"date":"2024-01-19T12:49:39","date_gmt":"2024-01-19T12:49:39","guid":{"rendered":"http:\/\/traffic-angel.local\/product\/10-minute-override-switch-for-left-right-turn-alarm\/"},"modified":"2025-10-20T09:14:24","modified_gmt":"2025-10-20T09:14:24","slug":"temporizator-de-10-minute-pentru-suprascrierea-alarmelor-de-viraj-pe-timp-de-noapte","status":"publish","type":"product","link":"https:\/\/www.trafficangel.co.uk\/ro\/produs-2\/temporizator-de-10-minute-pentru-suprascrierea-alarmelor-de-viraj-pe-timp-de-noapte\/","title":{"rendered":"Temporizator de 10 minute pentru anularea pe timp de noapte a alarmelor de viraj"},"content":{"rendered":"<p>Temporizatorul de 10 minute pentru anularea alarmelor de viraj pe timp de noapte permite \u0219oferilor s\u0103 dezactiveze temporar alarmele de viraj \u00een timpul orelor t\u00e2rzii, contribuind la reducerea perturb\u0103rilor sonore \u00een zonele reziden\u021biale. Odat\u0103 activat, sistemul se reactiveaz\u0103 automat dup\u0103 10 minute, asigur\u00e2nd reluarea alertelor de siguran\u021b\u0103 f\u0103r\u0103 interven\u021bia \u0219oferului. Aceast\u0103 solu\u021bie simpl\u0103 \u0219i fiabil\u0103 ajut\u0103 flotele s\u0103 respecte reglement\u0103rile privind zgomotul, men\u021bin\u00e2nd \u00een acela\u0219i timp conformitatea deplin\u0103 cu standardele de siguran\u021b\u0103.<\/p>\n<p>Conceput pentru a completa sistemele de siguran\u021b\u0103 ale vehiculelor Traffic Angel, temporizatorul de 10 minute pentru suprasolicit\u0103ri nocturne ajut\u0103 la g\u0103sirea echilibrului potrivit \u00eentre siguran\u021b\u0103 \u0219i respect pentru public. Acesta ofer\u0103 \u0219oferilor o modalitate simpl\u0103 de a reduce zgomotul atunci c\u00e2nd opereaz\u0103 \u00een zone reziden\u021biale sau cu zgomot redus, f\u0103r\u0103 a afecta func\u021bionalitatea alarmei pe termen lung. Suprasolicit\u0103rile temporizate asigur\u0103 c\u0103... <a href=\"https:\/\/www.trafficangel.co.uk\/ro\/alarme\/\">alarme<\/a> revine automat la func\u021bionare complet\u0103, men\u021bin\u00e2nd respectarea protocoalelor de siguran\u021b\u0103. Ideal pentru flotele care lucreaz\u0103 peste noapte sau \u00een zone sensibile, acest temporizator adaug\u0103 flexibilitate f\u0103r\u0103 a compromite responsabilitatea.<\/p>","protected":false},"excerpt":{"rendered":"<p>Temporizatorul de 10 minute pentru anularea alarmelor de viraj pe timp de noapte permite \u0219oferilor s\u0103 dezactiveze temporar alarmele de viraj \u00een timpul orelor t\u00e2rzii.<\/p>","protected":false},"featured_media":519,"template":"","meta":{"_acf_changed":false},"product_cat":[33,87],"product_tag":[],"class_list":{"0":"post-1421","1":"product","2":"type-product","3":"status-publish","4":"has-post-thumbnail","6":"product_cat-alarms","7":"product_cat-accessories-alarms","9":"first","10":"instock","11":"taxable","12":"shipping-taxable","13":"purchasable","14":"product-type-simple"},"acf":[],"_links":{"self":[{"href":"https:\/\/www.trafficangel.co.uk\/ro\/wp-json\/wp\/v2\/product\/1421","targetHints":{"allow":["GET"]}}],"collection":[{"href":"https:\/\/www.trafficangel.co.uk\/ro\/wp-json\/wp\/v2\/product"}],"about":[{"href":"https:\/\/www.trafficangel.co.uk\/ro\/wp-json\/wp\/v2\/types\/product"}],"wp:featuredmedia":[{"embeddable":true,"href":"https:\/\/www.trafficangel.co.uk\/ro\/wp-json\/wp\/v2\/media\/519"}],"wp:attachment":[{"href":"https:\/\/www.trafficangel.co.uk\/ro\/wp-json\/wp\/v2\/media?parent=1421"}],"wp:term":[{"taxonomy":"product_cat","embeddable":true,"href":"https:\/\/www.trafficangel.co.uk\/ro\/wp-json\/wp\/v2\/product_cat?post=1421"},{"taxonomy":"product_tag","embeddable":true,"href":"https:\/\/www.trafficangel.co.uk\/ro\/wp-json\/wp\/v2\/product_tag?post=1421"}],"curies":[{"name":"wp","href":"https:\/\/api.w.org\/{rel}","templated":true}]}}