{"id":1416,"date":"2024-01-19T12:49:35","date_gmt":"2024-01-19T12:49:35","guid":{"rendered":"http:\/\/traffic-angel.local\/product\/citysafe-left-turn-audible-alarm-spoken-message\/"},"modified":"2025-10-20T09:11:11","modified_gmt":"2025-10-20T09:11:11","slug":"mesaj-sonor-vorbit-cu-alarma-de-viraj-la-stanga-citysafe","status":"publish","type":"product","link":"https:\/\/www.trafficangel.co.uk\/ro\/produs-2\/mesaj-sonor-vorbit-cu-alarma-de-viraj-la-stanga-citysafe\/","title":{"rendered":"Alarma de viraj la st\u00e2nga CitySafe \u2013 Mesaj sonor vorbit"},"content":{"rendered":"<p>Alarma de viraj la st\u00e2nga CitySafe cu mesaj sonor vocal ofer\u0103 avertismente vocale clare pentru a alerta pietonii \u0219i bicicli\u0219tii atunci c\u00e2nd un vehicul vireaz\u0103 la st\u00e2nga. Conceput pentru a reduce riscurile legate de unghiul mort \u0219i pentru a respecta reglement\u0103rile de siguran\u021b\u0103 urban\u0103, sistemul red\u0103 un mesaj vocal clar \u00een loc de un ton de alarm\u0103 standard, ajut\u00e2nd participan\u021bii vulnerabili la trafic s\u0103 \u00een\u021beleag\u0103 mai bine inten\u021biile vehiculului. Construit\u0103 pentru fiabilitate \u00een mediile urbane aglomerate, aceast\u0103 alarm\u0103 de viraj la st\u00e2nga este compatibil\u0103 cu DVS, FORS \u0219i CLOCS, oferind operatorilor de flote \u00eencredere \u00een sistemele lor de siguran\u021b\u0103 a vehiculelor.<\/p>","protected":false},"excerpt":{"rendered":"<p>Alarma de viraj la st\u00e2nga CitySafe cu mesaj sonor vocal ofer\u0103 avertismente clare, vocale, pentru a alerta pietonii \u0219i bicicli\u0219tii atunci c\u00e2nd un vehicul vireaz\u0103 la st\u00e2nga.<\/p>","protected":false},"featured_media":563,"template":"","meta":{"_acf_changed":false},"product_cat":[33,34],"product_tag":[],"class_list":{"0":"post-1416","1":"product","2":"type-product","3":"status-publish","4":"has-post-thumbnail","6":"product_cat-alarms","7":"product_cat-turn-alarms","9":"first","10":"instock","11":"taxable","12":"shipping-taxable","13":"purchasable","14":"product-type-simple"},"acf":[],"_links":{"self":[{"href":"https:\/\/www.trafficangel.co.uk\/ro\/wp-json\/wp\/v2\/product\/1416","targetHints":{"allow":["GET"]}}],"collection":[{"href":"https:\/\/www.trafficangel.co.uk\/ro\/wp-json\/wp\/v2\/product"}],"about":[{"href":"https:\/\/www.trafficangel.co.uk\/ro\/wp-json\/wp\/v2\/types\/product"}],"wp:featuredmedia":[{"embeddable":true,"href":"https:\/\/www.trafficangel.co.uk\/ro\/wp-json\/wp\/v2\/media\/563"}],"wp:attachment":[{"href":"https:\/\/www.trafficangel.co.uk\/ro\/wp-json\/wp\/v2\/media?parent=1416"}],"wp:term":[{"taxonomy":"product_cat","embeddable":true,"href":"https:\/\/www.trafficangel.co.uk\/ro\/wp-json\/wp\/v2\/product_cat?post=1416"},{"taxonomy":"product_tag","embeddable":true,"href":"https:\/\/www.trafficangel.co.uk\/ro\/wp-json\/wp\/v2\/product_tag?post=1416"}],"curies":[{"name":"wp","href":"https:\/\/api.w.org\/{rel}","templated":true}]}}