{"id":1409,"date":"2024-01-19T12:49:32","date_gmt":"2024-01-19T12:49:32","guid":{"rendered":"http:\/\/traffic-angel.local\/product\/3m-trailer-extension-cable-4-pin-male-4-pin-female\/"},"modified":"2025-10-20T09:00:07","modified_gmt":"2025-10-20T09:00:07","slug":"3m-trailer-extension-cable-4-pin-male-4-pin-female","status":"publish","type":"product","link":"https:\/\/www.trafficangel.co.uk\/ro\/produs-2\/3m-trailer-extension-cable-4-pin-male-4-pin-female\/","title":{"rendered":"Cablu de prelungire\/remorc\u0103 de 3 m (4 pini tat\u0103 \u2013 4 pini mam\u0103)"},"content":{"rendered":"<p>Cablul de extensie\/remorci de 3 m (4 pini mascul - 4 pini mam\u0103) ofer\u0103 o conexiune compact\u0103 \u0219i fiabil\u0103 pentru sistemele de camere pentru remorci \u0219i combina\u021biile de vehicule scurte. Lungimea sa de 3 metri este ideal\u0103 pentru configura\u021bii mai mici, oferind o transmisie video \u0219i de alimentare stabil\u0103, men\u021bin\u00e2nd \u00een acela\u0219i timp cablajul ordonat. Construit cu conectori durabili \u0219i o construc\u021bie robust\u0103, este conceput pentru performan\u021be de lung\u0103 durat\u0103 \u00een medii solicitante de flote.<\/p>","protected":false},"excerpt":{"rendered":"<p>Cablul de extensie\/remorci de 3 m (4 pini mascul - 4 pini mam\u0103) ofer\u0103 o conexiune compact\u0103 \u0219i fiabil\u0103 pentru sistemele de camere pentru remorci \u0219i combina\u021biile scurte de vehicule.<\/p>","protected":false},"featured_media":442,"template":"","meta":{"_acf_changed":false},"product_cat":[26,27],"product_tag":[],"class_list":{"0":"post-1409","1":"product","2":"type-product","3":"status-publish","4":"has-post-thumbnail","6":"product_cat-cables-accessories","7":"product_cat-camera-trailer-cables","9":"first","10":"instock","11":"taxable","12":"shipping-taxable","13":"purchasable","14":"product-type-simple"},"acf":[],"_links":{"self":[{"href":"https:\/\/www.trafficangel.co.uk\/ro\/wp-json\/wp\/v2\/product\/1409","targetHints":{"allow":["GET"]}}],"collection":[{"href":"https:\/\/www.trafficangel.co.uk\/ro\/wp-json\/wp\/v2\/product"}],"about":[{"href":"https:\/\/www.trafficangel.co.uk\/ro\/wp-json\/wp\/v2\/types\/product"}],"wp:featuredmedia":[{"embeddable":true,"href":"https:\/\/www.trafficangel.co.uk\/ro\/wp-json\/wp\/v2\/media\/442"}],"wp:attachment":[{"href":"https:\/\/www.trafficangel.co.uk\/ro\/wp-json\/wp\/v2\/media?parent=1409"}],"wp:term":[{"taxonomy":"product_cat","embeddable":true,"href":"https:\/\/www.trafficangel.co.uk\/ro\/wp-json\/wp\/v2\/product_cat?post=1409"},{"taxonomy":"product_tag","embeddable":true,"href":"https:\/\/www.trafficangel.co.uk\/ro\/wp-json\/wp\/v2\/product_tag?post=1409"}],"curies":[{"name":"wp","href":"https:\/\/api.w.org\/{rel}","templated":true}]}}