{"id":1405,"date":"2024-01-19T12:49:32","date_gmt":"2024-01-19T12:49:32","guid":{"rendered":"http:\/\/traffic-angel.local\/product\/20m-trailer-extension-cable-4-pin-male-4-pin-female\/"},"modified":"2025-10-20T08:56:00","modified_gmt":"2025-10-20T08:56:00","slug":"cablu-prelungitor-remorca-20m-4-pini-mascul-4-pini-mama","status":"publish","type":"product","link":"https:\/\/www.trafficangel.co.uk\/ro\/produs-2\/cablu-prelungitor-remorca-20m-4-pini-mascul-4-pini-mama\/","title":{"rendered":"Cablu de prelungire\/remorc\u0103 de 20 m (4 pini tat\u0103 \u2013 4 pini mam\u0103)"},"content":{"rendered":"<p>Cablul de remorc\u0103\/extensie de 20 m (cu 4 pini mascul - cu 4 pini mam\u0103) ofer\u0103 o solu\u021bie fiabil\u0103 pentru extinderea conexiunilor sistemului de camere pe remorci lungi, camioane articulate \u0219i vehicule speciale. Cu lungimea sa de 20 de metri, asigur\u0103 o transmisie video \u0219i de energie sigur\u0103 \u00eentre... <a href=\"https:\/\/www.trafficangel.co.uk\/ro\/camerele-de-filmat\/\">camerele de filmat<\/a> \u015fi <a href=\"https:\/\/www.trafficangel.co.uk\/ro\/monitoare\/\">monitoare<\/a>, chiar \u0219i pe distan\u021be lungi. Conectorii durabili cu 4 pini asigur\u0103 o conexiune stabil\u0103, reduc\u00e2nd la minimum pierderile de semnal \u0219i men\u021bin\u00e2nd o calitate video clar\u0103.<\/p>\n<p>Conceput pentru medii dificile de flote auto, acest cablu prelungitor este ideal pentru operatorii de transport, logistic\u0103 \u0219i vehicule comerciale care au nevoie de performan\u021be fiabile ale sistemului de camere video.<\/p>\n<p>U\u0219or, c\u00e2nt\u0103rind doar 776 g, dar construit pentru a rezista la medii dificile, acest cablu prelungitor permite instalarea de camere de nivel profesional \u0219i se integreaz\u0103 perfect cu sistemele Traffic Angel. Ca toate cablurile noastre, comenzile plasate \u00eenainte de ora 13:00 sunt expediate \u00een aceea\u0219i zi prin DPD, livrare a doua zi, \u0219i este disponibil cu Serviciul nostru de preg\u0103tire pentru a optimiza eficien\u021ba instal\u0103rii \u0219i a reduce timpii de nefunc\u021bionare.<\/p>","protected":false},"excerpt":{"rendered":"<p>Cablul de remorc\u0103\/extensie de 20 m (cu 4 pini mascul - cu 4 pini mam\u0103) ofer\u0103 o solu\u021bie fiabil\u0103 pentru extinderea conexiunilor sistemului de camere pe remorci lungi, camioane articulate \u0219i vehicule speciale.<\/p>","protected":false},"featured_media":2352,"template":"","meta":{"_acf_changed":false},"product_cat":[26,27],"product_tag":[],"class_list":{"0":"post-1405","1":"product","2":"type-product","3":"status-publish","4":"has-post-thumbnail","6":"product_cat-cables-accessories","7":"product_cat-camera-trailer-cables","9":"first","10":"instock","11":"taxable","12":"shipping-taxable","13":"purchasable","14":"product-type-simple"},"acf":[],"_links":{"self":[{"href":"https:\/\/www.trafficangel.co.uk\/ro\/wp-json\/wp\/v2\/product\/1405","targetHints":{"allow":["GET"]}}],"collection":[{"href":"https:\/\/www.trafficangel.co.uk\/ro\/wp-json\/wp\/v2\/product"}],"about":[{"href":"https:\/\/www.trafficangel.co.uk\/ro\/wp-json\/wp\/v2\/types\/product"}],"wp:featuredmedia":[{"embeddable":true,"href":"https:\/\/www.trafficangel.co.uk\/ro\/wp-json\/wp\/v2\/media\/2352"}],"wp:attachment":[{"href":"https:\/\/www.trafficangel.co.uk\/ro\/wp-json\/wp\/v2\/media?parent=1405"}],"wp:term":[{"taxonomy":"product_cat","embeddable":true,"href":"https:\/\/www.trafficangel.co.uk\/ro\/wp-json\/wp\/v2\/product_cat?post=1405"},{"taxonomy":"product_tag","embeddable":true,"href":"https:\/\/www.trafficangel.co.uk\/ro\/wp-json\/wp\/v2\/product_tag?post=1405"}],"curies":[{"name":"wp","href":"https:\/\/api.w.org\/{rel}","templated":true}]}}