{"id":1404,"date":"2024-01-19T12:49:32","date_gmt":"2024-01-19T12:49:32","guid":{"rendered":"http:\/\/traffic-angel.local\/product\/1m-camera-cable-4-pin-male-rca-male-dc-female\/"},"modified":"2025-10-20T08:54:46","modified_gmt":"2025-10-20T08:54:46","slug":"cablu-camera-1m-4-pini-rca-mascul-cc-mascul-mama","status":"publish","type":"product","link":"https:\/\/www.trafficangel.co.uk\/ro\/produs-2\/cablu-camera-1m-4-pini-rca-mascul-cc-mascul-mama\/","title":{"rendered":"Cablu pentru camer\u0103 de 1 m (mascul cu 4 pini \u2013 RCA masculin \u0219i DC femel\u0103)"},"content":{"rendered":"<p>Cablul de camer\u0103 de 1 m (4 pini mascul - RCA mascul \u0219i DC mam\u0103) ofer\u0103 o conexiune simpl\u0103 \u0219i sigur\u0103 pentru trasee scurte de camer\u0103 \u00een sistemele vehiculelor. Acesta ofer\u0103 o transmisie video \u0219i de alimentare fiabil\u0103, ideal pentru instala\u021bii compacte unde este necesar\u0103 o lungime minim\u0103 a cablului.<\/p>","protected":false},"excerpt":{"rendered":"<p>Cablul de camer\u0103 de 1 m (cu 4 pini mascul - RCA mascul \u0219i DC mam\u0103) ofer\u0103 o conexiune simpl\u0103 \u0219i sigur\u0103 pentru trasee scurte de camer\u0103 \u00een sistemele vehiculelor.<\/p>","protected":false},"featured_media":434,"template":"","meta":{"_acf_changed":false},"product_cat":[26,27],"product_tag":[],"class_list":{"0":"post-1404","1":"product","2":"type-product","3":"status-publish","4":"has-post-thumbnail","6":"product_cat-cables-accessories","7":"product_cat-camera-trailer-cables","9":"first","10":"instock","11":"taxable","12":"shipping-taxable","13":"purchasable","14":"product-type-simple"},"acf":[],"_links":{"self":[{"href":"https:\/\/www.trafficangel.co.uk\/ro\/wp-json\/wp\/v2\/product\/1404","targetHints":{"allow":["GET"]}}],"collection":[{"href":"https:\/\/www.trafficangel.co.uk\/ro\/wp-json\/wp\/v2\/product"}],"about":[{"href":"https:\/\/www.trafficangel.co.uk\/ro\/wp-json\/wp\/v2\/types\/product"}],"wp:featuredmedia":[{"embeddable":true,"href":"https:\/\/www.trafficangel.co.uk\/ro\/wp-json\/wp\/v2\/media\/434"}],"wp:attachment":[{"href":"https:\/\/www.trafficangel.co.uk\/ro\/wp-json\/wp\/v2\/media?parent=1404"}],"wp:term":[{"taxonomy":"product_cat","embeddable":true,"href":"https:\/\/www.trafficangel.co.uk\/ro\/wp-json\/wp\/v2\/product_cat?post=1404"},{"taxonomy":"product_tag","embeddable":true,"href":"https:\/\/www.trafficangel.co.uk\/ro\/wp-json\/wp\/v2\/product_tag?post=1404"}],"curies":[{"name":"wp","href":"https:\/\/api.w.org\/{rel}","templated":true}]}}