{"id":1402,"date":"2024-01-19T12:49:32","date_gmt":"2024-01-19T12:49:32","guid":{"rendered":"http:\/\/traffic-angel.local\/product\/15m-camera-cable-4-pin-male-rca-male-dc-female\/"},"modified":"2025-10-20T08:53:16","modified_gmt":"2025-10-20T08:53:16","slug":"cablu-camera-15m-4-pini-rca-mascul-cc-mascul-mama","status":"publish","type":"product","link":"https:\/\/www.trafficangel.co.uk\/ro\/produs-2\/cablu-camera-15m-4-pini-rca-mascul-cc-mascul-mama\/","title":{"rendered":"Cablu pentru camer\u0103 de 15 m (mascul cu 4 pini \u2013 RCA masculin \u0219i DC femel\u0103)"},"content":{"rendered":"<p>Cablul de camer\u0103 de 15 metri de la Traffic Angel (4 pini mascul - RCA mascul \u0219i CC mam\u0103) (cod pies\u0103 CC15W) ofer\u0103 o conexiune fiabil\u0103, cu raz\u0103 lung\u0103 de ac\u021biune, pentru cabin\u0103 sau mers \u00eenapoi. <a href=\"https:\/\/www.trafficangel.co.uk\/ro\/camerele-de-filmat\/\">camerele de filmat<\/a>.<\/p>\n<p>Miezul ecranat men\u021bine semnale video curate pe lungimi extinse, \u00een timp ce conectorii cu 4 pini \u0219i RCA\/DC, \u00een stil aviatic, asigur\u0103 o asamblare sigur\u0103, de calitate profesional\u0103. Cu o greutate de 529 g, este u\u0219or, dar robust, ideal pentru utilizare industrial\u0103 \u0219i conform nevoilor flotelor comerciale. Furnizat gata de expediere \u00een aceea\u0219i zi dac\u0103 comanda este plasat\u0103 \u00eenainte de ora 13:00 \u0219i compatibil cu Serviciul nostru de Preg\u0103tire, acesta simplific\u0103 instalarea \u0219i ofer\u0103 performan\u021be constante \u00een medii solicitante.<\/p>","protected":false},"excerpt":{"rendered":"<p>Cablu camer\u0103 15 m (4 pini mascul - RCA mascul \u0219i DC mam\u0103)<\/p>","protected":false},"featured_media":2351,"template":"","meta":{"_acf_changed":false},"product_cat":[26,27],"product_tag":[],"class_list":{"0":"post-1402","1":"product","2":"type-product","3":"status-publish","4":"has-post-thumbnail","6":"product_cat-cables-accessories","7":"product_cat-camera-trailer-cables","9":"first","10":"instock","11":"taxable","12":"shipping-taxable","13":"purchasable","14":"product-type-simple"},"acf":[],"_links":{"self":[{"href":"https:\/\/www.trafficangel.co.uk\/ro\/wp-json\/wp\/v2\/product\/1402","targetHints":{"allow":["GET"]}}],"collection":[{"href":"https:\/\/www.trafficangel.co.uk\/ro\/wp-json\/wp\/v2\/product"}],"about":[{"href":"https:\/\/www.trafficangel.co.uk\/ro\/wp-json\/wp\/v2\/types\/product"}],"wp:featuredmedia":[{"embeddable":true,"href":"https:\/\/www.trafficangel.co.uk\/ro\/wp-json\/wp\/v2\/media\/2351"}],"wp:attachment":[{"href":"https:\/\/www.trafficangel.co.uk\/ro\/wp-json\/wp\/v2\/media?parent=1402"}],"wp:term":[{"taxonomy":"product_cat","embeddable":true,"href":"https:\/\/www.trafficangel.co.uk\/ro\/wp-json\/wp\/v2\/product_cat?post=1402"},{"taxonomy":"product_tag","embeddable":true,"href":"https:\/\/www.trafficangel.co.uk\/ro\/wp-json\/wp\/v2\/product_tag?post=1402"}],"curies":[{"name":"wp","href":"https:\/\/api.w.org\/{rel}","templated":true}]}}