{"id":3049,"date":"2024-08-05T11:08:23","date_gmt":"2024-08-05T11:08:23","guid":{"rendered":"https:\/\/trafficangel-qqzv.temp-dns.com\/?post_type=product&#038;p=3049"},"modified":"2025-10-20T10:59:29","modified_gmt":"2025-10-20T10:59:29","slug":"integracao-do-alarme-de-mudanca-de-direcao-noturna-com-o-sistema-de-seguranca-progressivo-trafficangel","status":"publish","type":"product","link":"https:\/\/www.trafficangel.co.uk\/pt\/produto-2\/integracao-do-alarme-de-mudanca-de-direcao-noturna-com-o-sistema-de-seguranca-progressivo-trafficangel\/","title":{"rendered":"Integra\u00e7\u00e3o do alarme de mudan\u00e7a de dire\u00e7\u00e3o noturna com o sistema TrafficAngel Progressive Safe"},"content":{"rendered":"<p>Interruptor de substitui\u00e7\u00e3o noturno para alarmes de convers\u00e3o \u00e0 esquerda ou \u00e0 direita integrados ao TrafficAngel <a href=\"https:\/\/www.trafficangel.co.uk\/pt\/sistema-de-seguranca-progressivo\/\" target=\"_blank\" rel=\"noopener\">Sistema Seguro Progressivo<\/a>. O switch vem com o conector plug and play permitindo que ele seja conectado ao PSS. O kit tamb\u00e9m inclui o plugue e os pinos para o cabo do alarme de dire\u00e7\u00e3o.<\/p>","protected":false},"excerpt":{"rendered":"<p>Integra\u00e7\u00e3o do alarme de mudan\u00e7a de dire\u00e7\u00e3o noturna com o sistema TrafficAngel Progressive Safe<\/p>","protected":false},"featured_media":3055,"template":"","meta":{"_acf_changed":false},"product_cat":[85,53],"product_tag":[],"class_list":{"0":"post-3049","1":"product","2":"type-product","3":"status-publish","4":"has-post-thumbnail","6":"product_cat-components","7":"product_cat-progressive-safe-system","9":"first","10":"instock","11":"taxable","12":"shipping-taxable","13":"purchasable","14":"product-type-simple"},"acf":[],"_links":{"self":[{"href":"https:\/\/www.trafficangel.co.uk\/pt\/wp-json\/wp\/v2\/product\/3049","targetHints":{"allow":["GET"]}}],"collection":[{"href":"https:\/\/www.trafficangel.co.uk\/pt\/wp-json\/wp\/v2\/product"}],"about":[{"href":"https:\/\/www.trafficangel.co.uk\/pt\/wp-json\/wp\/v2\/types\/product"}],"wp:featuredmedia":[{"embeddable":true,"href":"https:\/\/www.trafficangel.co.uk\/pt\/wp-json\/wp\/v2\/media\/3055"}],"wp:attachment":[{"href":"https:\/\/www.trafficangel.co.uk\/pt\/wp-json\/wp\/v2\/media?parent=3049"}],"wp:term":[{"taxonomy":"product_cat","embeddable":true,"href":"https:\/\/www.trafficangel.co.uk\/pt\/wp-json\/wp\/v2\/product_cat?post=3049"},{"taxonomy":"product_tag","embeddable":true,"href":"https:\/\/www.trafficangel.co.uk\/pt\/wp-json\/wp\/v2\/product_tag?post=3049"}],"curies":[{"name":"wp","href":"https:\/\/api.w.org\/{rel}","templated":true}]}}