{"id":2709,"date":"2024-05-26T20:08:08","date_gmt":"2024-05-26T20:08:08","guid":{"rendered":"https:\/\/trafficangel-qqzv.temp-dns.com\/?post_type=product&#038;p=2709"},"modified":"2024-10-23T10:57:10","modified_gmt":"2024-10-23T10:57:10","slug":"kit-de-instalacao-essencial-para-sistema-de-seguranca-progressivo-trafficangel","status":"publish","type":"product","link":"https:\/\/www.trafficangel.co.uk\/pt\/produto-2\/kit-de-instalacao-essencial-para-sistema-de-seguranca-progressivo-trafficangel\/","title":{"rendered":"Kit de instala\u00e7\u00e3o essencial para o sistema de seguran\u00e7a progressivo TrafficAngel"},"content":{"rendered":"<p>Este kit de instala\u00e7\u00e3o para TrafficAngel <a href=\"https:\/\/www.trafficangel.co.uk\/pt\/sistema-de-seguranca-progressivo\/\" target=\"_blank\" rel=\"noopener\">Sistema Seguro Progressivo<\/a> \u00e9 necess\u00e1rio para a configura\u00e7\u00e3o e calibra\u00e7\u00e3o do sistema.<\/p>\n<p>O kit inclui os seguintes itens:<\/p>\n<p>1x Ferramenta de calibra\u00e7\u00e3o Wi-Fi<\/p>\n<p>6x Cones Marcadores<\/p>\n<p>1x Adaptador de energia para tomada de isqueiro<\/p>","protected":false},"excerpt":{"rendered":"<p>Um kit de instala\u00e7\u00e3o essencial para o sistema de seguran\u00e7a progressivo TrafficAngel<\/p>","protected":false},"featured_media":2929,"template":"","meta":{"_acf_changed":false},"product_cat":[85,53],"product_tag":[],"class_list":{"0":"post-2709","1":"product","2":"type-product","3":"status-publish","4":"has-post-thumbnail","6":"product_cat-components","7":"product_cat-progressive-safe-system","9":"first","10":"instock","11":"taxable","12":"shipping-taxable","13":"purchasable","14":"product-type-simple"},"acf":[],"_links":{"self":[{"href":"https:\/\/www.trafficangel.co.uk\/pt\/wp-json\/wp\/v2\/product\/2709","targetHints":{"allow":["GET"]}}],"collection":[{"href":"https:\/\/www.trafficangel.co.uk\/pt\/wp-json\/wp\/v2\/product"}],"about":[{"href":"https:\/\/www.trafficangel.co.uk\/pt\/wp-json\/wp\/v2\/types\/product"}],"wp:featuredmedia":[{"embeddable":true,"href":"https:\/\/www.trafficangel.co.uk\/pt\/wp-json\/wp\/v2\/media\/2929"}],"wp:attachment":[{"href":"https:\/\/www.trafficangel.co.uk\/pt\/wp-json\/wp\/v2\/media?parent=2709"}],"wp:term":[{"taxonomy":"product_cat","embeddable":true,"href":"https:\/\/www.trafficangel.co.uk\/pt\/wp-json\/wp\/v2\/product_cat?post=2709"},{"taxonomy":"product_tag","embeddable":true,"href":"https:\/\/www.trafficangel.co.uk\/pt\/wp-json\/wp\/v2\/product_tag?post=2709"}],"curies":[{"name":"wp","href":"https:\/\/api.w.org\/{rel}","templated":true}]}}