{"id":1705,"date":"2024-01-19T12:50:46","date_gmt":"2024-01-19T12:50:46","guid":{"rendered":"https:\/\/trafficangel-qqzv.temp-dns.com\/product\/trafficangel-safe-system-side-display-housing-for-a-pillar\/"},"modified":"2025-10-20T10:35:13","modified_gmt":"2025-10-20T10:35:13","slug":"side-display-housing-for-a-pillar-for-trafficangel-progressive-safe-system","status":"publish","type":"product","link":"https:\/\/www.trafficangel.co.uk\/pt\/produto-2\/side-display-housing-for-a-pillar-for-trafficangel-progressive-safe-system\/","title":{"rendered":"Carca\u00e7a de exibi\u00e7\u00e3o lateral para pilar A para sistema de seguran\u00e7a progressivo TrafficAngel"},"content":{"rendered":"<p>Nosso alojamento do Side Display para montagem no pilar A do lado do passageiro. Nosso design interno torna o TrafficAngel <a href=\"https:\/\/www.trafficangel.co.uk\/pt\/sistema-de-seguranca-progressivo\/\">Sistema Seguro Progressivo<\/a>O visor principal \u00e9 resistente a viola\u00e7\u00f5es, conforme especificado pela TfL. Seu design revers\u00edvel significa que ele pode ser usado tanto em ve\u00edculos com volante \u00e0 direita quanto com volante \u00e0 esquerda.<\/p>\n<p>Fixa\u00e7\u00f5es e base de espuma para montagem inclu\u00eddas.<\/p>","protected":false},"excerpt":{"rendered":"<p>Um inv\u00f3lucro de exibi\u00e7\u00e3o lateral para pilar A para sistema de seguran\u00e7a progressivo TrafficAngel<\/p>","protected":false},"featured_media":1954,"template":"","meta":{"_acf_changed":false},"product_cat":[85,53],"product_tag":[],"class_list":{"0":"post-1705","1":"product","2":"type-product","3":"status-publish","4":"has-post-thumbnail","6":"product_cat-components","7":"product_cat-progressive-safe-system","9":"first","10":"instock","11":"taxable","12":"shipping-taxable","13":"purchasable","14":"product-type-simple"},"acf":[],"_links":{"self":[{"href":"https:\/\/www.trafficangel.co.uk\/pt\/wp-json\/wp\/v2\/product\/1705","targetHints":{"allow":["GET"]}}],"collection":[{"href":"https:\/\/www.trafficangel.co.uk\/pt\/wp-json\/wp\/v2\/product"}],"about":[{"href":"https:\/\/www.trafficangel.co.uk\/pt\/wp-json\/wp\/v2\/types\/product"}],"wp:featuredmedia":[{"embeddable":true,"href":"https:\/\/www.trafficangel.co.uk\/pt\/wp-json\/wp\/v2\/media\/1954"}],"wp:attachment":[{"href":"https:\/\/www.trafficangel.co.uk\/pt\/wp-json\/wp\/v2\/media?parent=1705"}],"wp:term":[{"taxonomy":"product_cat","embeddable":true,"href":"https:\/\/www.trafficangel.co.uk\/pt\/wp-json\/wp\/v2\/product_cat?post=1705"},{"taxonomy":"product_tag","embeddable":true,"href":"https:\/\/www.trafficangel.co.uk\/pt\/wp-json\/wp\/v2\/product_tag?post=1705"}],"curies":[{"name":"wp","href":"https:\/\/api.w.org\/{rel}","templated":true}]}}