{"id":1700,"date":"2024-01-19T12:50:46","date_gmt":"2024-01-19T12:50:46","guid":{"rendered":"https:\/\/trafficangel-qqzv.temp-dns.com\/product\/trafficangel-safe-system-main-display\/"},"modified":"2025-10-20T10:28:06","modified_gmt":"2025-10-20T10:28:06","slug":"visor-principal-do-sistema-de-seguranca-progressivo-trafficangel","status":"publish","type":"product","link":"https:\/\/www.trafficangel.co.uk\/pt\/produto-2\/visor-principal-do-sistema-de-seguranca-progressivo-trafficangel\/","title":{"rendered":"Tela principal do sistema TrafficAngel Progressive Safe"},"content":{"rendered":"<p>Tela principal do TrafficAngel <a href=\"https:\/\/www.trafficangel.co.uk\/pt\/sistema-de-seguranca-progressivo\/\" target=\"_blank\" rel=\"noopener\">Sistema Seguro Progressivo<\/a>, este display \u00e9 montado no pilar A do lado do motorista e fornece alertas sonoros e visuais para o motorista de acordo com as especifica\u00e7\u00f5es da TfL. O display pode ser montado em nossa montagem especializada no pilar A, fornecendo uma solu\u00e7\u00e3o \u00e0 prova de viola\u00e7\u00e3o (vendida separadamente).<\/p>","protected":false},"excerpt":{"rendered":"<p>Um display principal para o sistema TrafficAngel Progressive Safe<\/p>","protected":false},"featured_media":1930,"template":"","meta":{"_acf_changed":false},"product_cat":[85,53],"product_tag":[],"class_list":{"0":"post-1700","1":"product","2":"type-product","3":"status-publish","4":"has-post-thumbnail","6":"product_cat-components","7":"product_cat-progressive-safe-system","9":"first","10":"instock","11":"taxable","12":"shipping-taxable","13":"purchasable","14":"product-type-simple"},"acf":[],"_links":{"self":[{"href":"https:\/\/www.trafficangel.co.uk\/pt\/wp-json\/wp\/v2\/product\/1700","targetHints":{"allow":["GET"]}}],"collection":[{"href":"https:\/\/www.trafficangel.co.uk\/pt\/wp-json\/wp\/v2\/product"}],"about":[{"href":"https:\/\/www.trafficangel.co.uk\/pt\/wp-json\/wp\/v2\/types\/product"}],"wp:featuredmedia":[{"embeddable":true,"href":"https:\/\/www.trafficangel.co.uk\/pt\/wp-json\/wp\/v2\/media\/1930"}],"wp:attachment":[{"href":"https:\/\/www.trafficangel.co.uk\/pt\/wp-json\/wp\/v2\/media?parent=1700"}],"wp:term":[{"taxonomy":"product_cat","embeddable":true,"href":"https:\/\/www.trafficangel.co.uk\/pt\/wp-json\/wp\/v2\/product_cat?post=1700"},{"taxonomy":"product_tag","embeddable":true,"href":"https:\/\/www.trafficangel.co.uk\/pt\/wp-json\/wp\/v2\/product_tag?post=1700"}],"curies":[{"name":"wp","href":"https:\/\/api.w.org\/{rel}","templated":true}]}}