{"id":1699,"date":"2024-01-19T12:50:46","date_gmt":"2024-01-19T12:50:46","guid":{"rendered":"https:\/\/trafficangel-qqzv.temp-dns.com\/product\/trafficangel-safe-system-display-alarm-out-cable\/"},"modified":"2025-10-20T10:27:24","modified_gmt":"2025-10-20T10:27:24","slug":"cabo-de-saida-de-alarme-de-exibicao-para-sistema-de-seguranca-progressivo-trafficangel","status":"publish","type":"product","link":"https:\/\/www.trafficangel.co.uk\/pt\/produto-2\/cabo-de-saida-de-alarme-de-exibicao-para-sistema-de-seguranca-progressivo-trafficangel\/","title":{"rendered":"Cabo de sa\u00edda de alarme\/visor para sistema de seguran\u00e7a progressivo TrafficAngel"},"content":{"rendered":"<p>Cabo para conectar os displays principal e lateral do TrafficAngel <a href=\"https:\/\/www.trafficangel.co.uk\/pt\/sistema-de-seguranca-progressivo\/\" target=\"_blank\" rel=\"noopener\">Sistema Seguro Progressivo<\/a> para a ECU PSS.<\/p>","protected":false},"excerpt":{"rendered":"<p>Um cabo de sa\u00edda de alarme\/exibi\u00e7\u00e3o para o sistema de seguran\u00e7a progressivo TrafficAngel<\/p>","protected":false},"featured_media":1927,"template":"","meta":{"_acf_changed":false},"product_cat":[85,53],"product_tag":[],"class_list":{"0":"post-1699","1":"product","2":"type-product","3":"status-publish","4":"has-post-thumbnail","6":"product_cat-components","7":"product_cat-progressive-safe-system","9":"first","10":"instock","11":"taxable","12":"shipping-taxable","13":"purchasable","14":"product-type-simple"},"acf":[],"_links":{"self":[{"href":"https:\/\/www.trafficangel.co.uk\/pt\/wp-json\/wp\/v2\/product\/1699","targetHints":{"allow":["GET"]}}],"collection":[{"href":"https:\/\/www.trafficangel.co.uk\/pt\/wp-json\/wp\/v2\/product"}],"about":[{"href":"https:\/\/www.trafficangel.co.uk\/pt\/wp-json\/wp\/v2\/types\/product"}],"wp:featuredmedia":[{"embeddable":true,"href":"https:\/\/www.trafficangel.co.uk\/pt\/wp-json\/wp\/v2\/media\/1927"}],"wp:attachment":[{"href":"https:\/\/www.trafficangel.co.uk\/pt\/wp-json\/wp\/v2\/media?parent=1699"}],"wp:term":[{"taxonomy":"product_cat","embeddable":true,"href":"https:\/\/www.trafficangel.co.uk\/pt\/wp-json\/wp\/v2\/product_cat?post=1699"},{"taxonomy":"product_tag","embeddable":true,"href":"https:\/\/www.trafficangel.co.uk\/pt\/wp-json\/wp\/v2\/product_tag?post=1699"}],"curies":[{"name":"wp","href":"https:\/\/api.w.org\/{rel}","templated":true}]}}