{"id":1695,"date":"2024-01-19T12:50:43","date_gmt":"2024-01-19T12:50:43","guid":{"rendered":"https:\/\/trafficangel-qqzv.temp-dns.com\/product\/trafficangel-safe-system-camera-input-cable\/"},"modified":"2025-10-20T14:21:54","modified_gmt":"2025-10-20T14:21:54","slug":"cabo-de-entrada-de-camara-para-sistema-de-seguranca-progressiva-trafficangel","status":"publish","type":"product","link":"https:\/\/www.trafficangel.co.uk\/pt\/produto-2\/cabo-de-entrada-de-camara-para-sistema-de-seguranca-progressiva-trafficangel\/","title":{"rendered":"Cabo de entrada de c\u00e2mera para sistema de seguran\u00e7a progressivo TrafficAngel"},"content":{"rendered":"<p>Cabo de entrada da c\u00e2mera que conecta o <a href=\"https:\/\/www.trafficangel.co.uk\/pt\/sistema-de-seguranca-progressivo\/\">PSS<\/a> c\u00e2meras na ECU PSS. O cabo tem entradas para 1x c\u00e2mera frontal, 1x c\u00e2mera de canto e 1x c\u00e2mera lateral.<\/p>","protected":false},"excerpt":{"rendered":"<p>Um cabo de entrada de c\u00e2mera para o sistema TrafficAngel Progressive Safe<\/p>","protected":false},"featured_media":1968,"template":"","meta":{"_acf_changed":false},"product_cat":[85,53],"product_tag":[],"class_list":{"0":"post-1695","1":"product","2":"type-product","3":"status-publish","4":"has-post-thumbnail","6":"product_cat-components","7":"product_cat-progressive-safe-system","9":"first","10":"instock","11":"taxable","12":"shipping-taxable","13":"purchasable","14":"product-type-simple"},"acf":[],"_links":{"self":[{"href":"https:\/\/www.trafficangel.co.uk\/pt\/wp-json\/wp\/v2\/product\/1695","targetHints":{"allow":["GET"]}}],"collection":[{"href":"https:\/\/www.trafficangel.co.uk\/pt\/wp-json\/wp\/v2\/product"}],"about":[{"href":"https:\/\/www.trafficangel.co.uk\/pt\/wp-json\/wp\/v2\/types\/product"}],"wp:featuredmedia":[{"embeddable":true,"href":"https:\/\/www.trafficangel.co.uk\/pt\/wp-json\/wp\/v2\/media\/1968"}],"wp:attachment":[{"href":"https:\/\/www.trafficangel.co.uk\/pt\/wp-json\/wp\/v2\/media?parent=1695"}],"wp:term":[{"taxonomy":"product_cat","embeddable":true,"href":"https:\/\/www.trafficangel.co.uk\/pt\/wp-json\/wp\/v2\/product_cat?post=1695"},{"taxonomy":"product_tag","embeddable":true,"href":"https:\/\/www.trafficangel.co.uk\/pt\/wp-json\/wp\/v2\/product_tag?post=1695"}],"curies":[{"name":"wp","href":"https:\/\/api.w.org\/{rel}","templated":true}]}}