{"id":1615,"date":"2024-01-19T12:50:40","date_gmt":"2024-01-19T12:50:40","guid":{"rendered":"http:\/\/traffic-angel.local\/product\/wiring-kit-for-scania-old-gen-dvs-spec\/"},"modified":"2025-09-26T08:53:39","modified_gmt":"2025-09-26T08:53:39","slug":"kit-de-fiacao-para-scania-geracao-antiga-dvs-spec","status":"publish","type":"product","link":"https:\/\/www.trafficangel.co.uk\/pt\/produto-2\/kit-de-fiacao-para-scania-geracao-antiga-dvs-spec\/","title":{"rendered":"Kit de fia\u00e7\u00e3o para Scania (gera\u00e7\u00e3o antiga) \u2013 DVS Spec"},"content":{"rendered":"<p>Kit de fia\u00e7\u00e3o para Scania (gera\u00e7\u00e3o antiga) \u2013 DVS Spec<\/p>","protected":false},"excerpt":{"rendered":"<p>Kit de fia\u00e7\u00e3o para Scania (gera\u00e7\u00e3o antiga) \u2013 DVS Spec<\/p>","protected":false},"featured_media":2040,"template":"","meta":{"_acf_changed":false},"product_cat":[902],"product_tag":[],"class_list":{"0":"post-1615","1":"product","2":"type-product","3":"status-publish","4":"has-post-thumbnail","6":"product_cat-wiring-kits","8":"first","9":"instock","10":"taxable","11":"shipping-taxable","12":"purchasable","13":"product-type-simple"},"acf":[],"_links":{"self":[{"href":"https:\/\/www.trafficangel.co.uk\/pt\/wp-json\/wp\/v2\/product\/1615","targetHints":{"allow":["GET"]}}],"collection":[{"href":"https:\/\/www.trafficangel.co.uk\/pt\/wp-json\/wp\/v2\/product"}],"about":[{"href":"https:\/\/www.trafficangel.co.uk\/pt\/wp-json\/wp\/v2\/types\/product"}],"wp:featuredmedia":[{"embeddable":true,"href":"https:\/\/www.trafficangel.co.uk\/pt\/wp-json\/wp\/v2\/media\/2040"}],"wp:attachment":[{"href":"https:\/\/www.trafficangel.co.uk\/pt\/wp-json\/wp\/v2\/media?parent=1615"}],"wp:term":[{"taxonomy":"product_cat","embeddable":true,"href":"https:\/\/www.trafficangel.co.uk\/pt\/wp-json\/wp\/v2\/product_cat?post=1615"},{"taxonomy":"product_tag","embeddable":true,"href":"https:\/\/www.trafficangel.co.uk\/pt\/wp-json\/wp\/v2\/product_tag?post=1615"}],"curies":[{"name":"wp","href":"https:\/\/api.w.org\/{rel}","templated":true}]}}