{"id":1542,"date":"2024-01-19T12:50:18","date_gmt":"2024-01-19T12:50:18","guid":{"rendered":"http:\/\/traffic-angel.local\/product\/2ch-auto-switching-suzie-socket-vehicle-side\/"},"modified":"2025-10-20T13:34:23","modified_gmt":"2025-10-20T13:34:23","slug":"tomada-suzie-de-comutacao-automatica-de-2-canais-na-lateral-do-veiculo","status":"publish","type":"product","link":"https:\/\/www.trafficangel.co.uk\/pt\/produto-2\/tomada-suzie-de-comutacao-automatica-de-2-canais-na-lateral-do-veiculo\/","title":{"rendered":"Soquete Suzie de comuta\u00e7\u00e3o autom\u00e1tica de 2 canais (lado do ve\u00edculo)"},"content":{"rendered":"","protected":false},"excerpt":{"rendered":"<p>Um soquete Suzie de comuta\u00e7\u00e3o autom\u00e1tica de 2 canais (lado do ve\u00edculo) com fixa\u00e7\u00f5es<\/p>","protected":false},"featured_media":864,"template":"","meta":{"_acf_changed":false},"product_cat":[903,47],"product_tag":[],"class_list":{"0":"post-1542","1":"product","2":"type-product","3":"status-publish","4":"has-post-thumbnail","6":"product_cat-suzies-wireless","7":"product_cat-suzie-systems","9":"first","10":"instock","11":"taxable","12":"shipping-taxable","13":"purchasable","14":"product-type-simple"},"acf":[],"_links":{"self":[{"href":"https:\/\/www.trafficangel.co.uk\/pt\/wp-json\/wp\/v2\/product\/1542","targetHints":{"allow":["GET"]}}],"collection":[{"href":"https:\/\/www.trafficangel.co.uk\/pt\/wp-json\/wp\/v2\/product"}],"about":[{"href":"https:\/\/www.trafficangel.co.uk\/pt\/wp-json\/wp\/v2\/types\/product"}],"wp:featuredmedia":[{"embeddable":true,"href":"https:\/\/www.trafficangel.co.uk\/pt\/wp-json\/wp\/v2\/media\/864"}],"wp:attachment":[{"href":"https:\/\/www.trafficangel.co.uk\/pt\/wp-json\/wp\/v2\/media?parent=1542"}],"wp:term":[{"taxonomy":"product_cat","embeddable":true,"href":"https:\/\/www.trafficangel.co.uk\/pt\/wp-json\/wp\/v2\/product_cat?post=1542"},{"taxonomy":"product_tag","embeddable":true,"href":"https:\/\/www.trafficangel.co.uk\/pt\/wp-json\/wp\/v2\/product_tag?post=1542"}],"curies":[{"name":"wp","href":"https:\/\/api.w.org\/{rel}","templated":true}]}}