{"id":1529,"date":"2024-01-19T12:50:12","date_gmt":"2024-01-19T12:50:12","guid":{"rendered":"http:\/\/traffic-angel.local\/product\/speedswitch-speed-controlled-switching-module\/"},"modified":"2025-10-20T13:19:27","modified_gmt":"2025-10-20T13:19:27","slug":"modulo-de-comutacao-de-velocidade-controlada-por-speedswitch","status":"publish","type":"product","link":"https:\/\/www.trafficangel.co.uk\/pt\/produto-2\/modulo-de-comutacao-de-velocidade-controlada-por-speedswitch\/","title":{"rendered":"SpeedSwitch \u2013 M\u00f3dulo de comuta\u00e7\u00e3o controlado por velocidade"},"content":{"rendered":"","protected":false},"excerpt":{"rendered":"<p>SpeedSwitch \u2013 M\u00f3dulo de comuta\u00e7\u00e3o controlado por velocidade<\/p>","protected":false},"featured_media":756,"template":"","meta":{"_acf_changed":false},"product_cat":[29,88],"product_tag":[],"class_list":{"0":"post-1529","1":"product","2":"type-product","3":"status-publish","4":"has-post-thumbnail","6":"product_cat-sensor-systems","7":"product_cat-components-sensor-systems","9":"first","10":"instock","11":"taxable","12":"shipping-taxable","13":"purchasable","14":"product-type-simple"},"acf":[],"_links":{"self":[{"href":"https:\/\/www.trafficangel.co.uk\/pt\/wp-json\/wp\/v2\/product\/1529","targetHints":{"allow":["GET"]}}],"collection":[{"href":"https:\/\/www.trafficangel.co.uk\/pt\/wp-json\/wp\/v2\/product"}],"about":[{"href":"https:\/\/www.trafficangel.co.uk\/pt\/wp-json\/wp\/v2\/types\/product"}],"wp:featuredmedia":[{"embeddable":true,"href":"https:\/\/www.trafficangel.co.uk\/pt\/wp-json\/wp\/v2\/media\/756"}],"wp:attachment":[{"href":"https:\/\/www.trafficangel.co.uk\/pt\/wp-json\/wp\/v2\/media?parent=1529"}],"wp:term":[{"taxonomy":"product_cat","embeddable":true,"href":"https:\/\/www.trafficangel.co.uk\/pt\/wp-json\/wp\/v2\/product_cat?post=1529"},{"taxonomy":"product_tag","embeddable":true,"href":"https:\/\/www.trafficangel.co.uk\/pt\/wp-json\/wp\/v2\/product_tag?post=1529"}],"curies":[{"name":"wp","href":"https:\/\/api.w.org\/{rel}","templated":true}]}}