{"id":1501,"date":"2024-01-19T12:50:05","date_gmt":"2024-01-19T12:50:05","guid":{"rendered":"http:\/\/traffic-angel.local\/product\/black-side-camera-d1-12v-ir-150\/"},"modified":"2025-12-15T09:45:04","modified_gmt":"2025-12-15T09:45:04","slug":"camera-lateral-preta-d1-ir-150","status":"publish","type":"product","link":"https:\/\/www.trafficangel.co.uk\/pt\/produto-2\/camera-lateral-preta-d1-ir-150\/","title":{"rendered":"C\u00e2mera Black Side \u2013 D1, IR, 150\u00b0"},"content":{"rendered":"<p>C\u00e2mera Black Side \u2013 D1, IR, 150\u00b0<\/p>\n<p>Part of the trusted TrafficAngel security packages, our <a href=\"https:\/\/www.trafficangel.co.uk\/pt\/sistemas-de-camara-para-autocaravanas\/\">Sistemas de c\u00e2mara para autocaravanas<\/a> proporcionam visibilidade abrangente para apoiar a consci\u00eancia do condutor e a seguran\u00e7a do ve\u00edculo. S\u00e3o concebidos para satisfazer os requisitos do <a href=\"https:\/\/www.trafficangel.co.uk\/pt\/london-dvs\/\">Padr\u00e3o de vis\u00e3o direta<\/a> (DVS) e <a href=\"https:\/\/www.trafficangel.co.uk\/pt\/sistema-de-seguranca-progressivo-2024\/\">Sistema Seguro Progressivo<\/a> (PSS), incluindo as atualiza\u00e7\u00f5es do PSS para 2024 introduzidas pela Transport for London, garantindo que a sua frota se mant\u00e9m em conformidade nas fases de fiscaliza\u00e7\u00e3o atuais e futuras.<\/p>","protected":false},"excerpt":{"rendered":"<p>Uma c\u00e2mera Black Side \u2013 D1, IR, 150\u00b0<\/p>","protected":false},"featured_media":938,"template":"","meta":{"_acf_changed":false},"product_cat":[37,42],"product_tag":[],"class_list":{"0":"post-1501","1":"product","2":"type-product","3":"status-publish","4":"has-post-thumbnail","6":"product_cat-cameras","7":"product_cat-side-cameras","9":"first","10":"instock","11":"taxable","12":"shipping-taxable","13":"purchasable","14":"product-type-simple"},"acf":[],"_links":{"self":[{"href":"https:\/\/www.trafficangel.co.uk\/pt\/wp-json\/wp\/v2\/product\/1501","targetHints":{"allow":["GET"]}}],"collection":[{"href":"https:\/\/www.trafficangel.co.uk\/pt\/wp-json\/wp\/v2\/product"}],"about":[{"href":"https:\/\/www.trafficangel.co.uk\/pt\/wp-json\/wp\/v2\/types\/product"}],"wp:featuredmedia":[{"embeddable":true,"href":"https:\/\/www.trafficangel.co.uk\/pt\/wp-json\/wp\/v2\/media\/938"}],"wp:attachment":[{"href":"https:\/\/www.trafficangel.co.uk\/pt\/wp-json\/wp\/v2\/media?parent=1501"}],"wp:term":[{"taxonomy":"product_cat","embeddable":true,"href":"https:\/\/www.trafficangel.co.uk\/pt\/wp-json\/wp\/v2\/product_cat?post=1501"},{"taxonomy":"product_tag","embeddable":true,"href":"https:\/\/www.trafficangel.co.uk\/pt\/wp-json\/wp\/v2\/product_tag?post=1501"}],"curies":[{"name":"wp","href":"https:\/\/api.w.org\/{rel}","templated":true}]}}