{"id":1483,"date":"2024-01-19T12:49:58","date_gmt":"2024-01-19T12:49:58","guid":{"rendered":"http:\/\/traffic-angel.local\/product\/rear-amber-led-strobe-warning-light-140x30mm\/"},"modified":"2025-10-20T11:05:04","modified_gmt":"2025-10-20T11:05:04","slug":"luz-de-advertencia-estroboscopica-de-led-ambar-de-alta-resistencia","status":"publish","type":"product","link":"https:\/\/www.trafficangel.co.uk\/pt\/produto-2\/luz-de-advertencia-estroboscopica-de-led-ambar-de-alta-resistencia\/","title":{"rendered":"Luz de advert\u00eancia estrobosc\u00f3pica LED \u00e2mbar resistente"},"content":{"rendered":"","protected":false},"excerpt":{"rendered":"<p>Uma luz de advert\u00eancia estrobosc\u00f3pica LED \u00e2mbar resistente<\/p>","protected":false},"featured_media":589,"template":"","meta":{"_acf_changed":false},"product_cat":[35,36],"product_tag":[],"class_list":{"0":"post-1483","1":"product","2":"type-product","3":"status-publish","4":"has-post-thumbnail","6":"product_cat-vehicle-lighting","7":"product_cat-strobes","9":"first","10":"instock","11":"taxable","12":"shipping-taxable","13":"purchasable","14":"product-type-simple"},"acf":[],"_links":{"self":[{"href":"https:\/\/www.trafficangel.co.uk\/pt\/wp-json\/wp\/v2\/product\/1483","targetHints":{"allow":["GET"]}}],"collection":[{"href":"https:\/\/www.trafficangel.co.uk\/pt\/wp-json\/wp\/v2\/product"}],"about":[{"href":"https:\/\/www.trafficangel.co.uk\/pt\/wp-json\/wp\/v2\/types\/product"}],"wp:featuredmedia":[{"embeddable":true,"href":"https:\/\/www.trafficangel.co.uk\/pt\/wp-json\/wp\/v2\/media\/589"}],"wp:attachment":[{"href":"https:\/\/www.trafficangel.co.uk\/pt\/wp-json\/wp\/v2\/media?parent=1483"}],"wp:term":[{"taxonomy":"product_cat","embeddable":true,"href":"https:\/\/www.trafficangel.co.uk\/pt\/wp-json\/wp\/v2\/product_cat?post=1483"},{"taxonomy":"product_tag","embeddable":true,"href":"https:\/\/www.trafficangel.co.uk\/pt\/wp-json\/wp\/v2\/product_tag?post=1483"}],"curies":[{"name":"wp","href":"https:\/\/api.w.org\/{rel}","templated":true}]}}