{"id":1442,"date":"2024-01-19T12:49:45","date_gmt":"2024-01-19T12:49:45","guid":{"rendered":"http:\/\/traffic-angel.local\/product\/forward-facing-dvr-camera-w-nearside-camera-or-rear-camera\/"},"modified":"2025-10-20T09:31:50","modified_gmt":"2025-10-20T09:31:50","slug":"sistema-de-gravacao-de-camera-de-painel-frontal-de-2-canais","status":"publish","type":"product","link":"https:\/\/www.trafficangel.co.uk\/pt\/produto-2\/sistema-de-gravacao-de-camera-de-painel-frontal-de-2-canais\/","title":{"rendered":"Sistema de grava\u00e7\u00e3o Dashcam voltado para a frente de 2 canais"},"content":{"rendered":"<p>O Sistema de Grava\u00e7\u00e3o Dashcam Frontal de 2 canais (C\u00f3digo FFDVR2) foi desenvolvido para monitoramento de frotas de alto desempenho e seguran\u00e7a avan\u00e7ada para o motorista. Com duas c\u00e2meras de 170\u00b0, uma frontal em 1080p e uma segunda em D1\/720p, este sistema captura a cobertura completa da estrada com precis\u00e3o. O GPS integrado registra a hora de cada evento, enquanto a compress\u00e3o de v\u00eddeo H.264 garante armazenamento eficiente em cart\u00f5es SD de at\u00e9 256 GB. Com detec\u00e7\u00e3o de movimento, compartimento seguro para cart\u00e3o SD com trava de chave e compatibilidade com os padr\u00f5es de v\u00eddeo AHD e CVBS, ele oferece confiabilidade de n\u00edvel profissional. Robusto o suficiente para ve\u00edculos comerciais, o FFDVR2 tamb\u00e9m se beneficia da conectividade GPS e inclui uma interface mini USB.<\/p>\n<p>As encomendas efectuadas antes das 13 horas s\u00e3o expedidas no pr\u00f3prio dia e o sistema \u00e9 totalmente compat\u00edvel com o servi\u00e7o de prepara\u00e7\u00e3o do Traffic Angel para uma instala\u00e7\u00e3o sem problemas. Ideal para <a href=\"https:\/\/www.trafficangel.co.uk\/pt\/fleet-dashcams\/\">frotas<\/a>pequenas empresas ou compras pontuais.<\/p>","protected":false},"excerpt":{"rendered":"<p>Sistema de grava\u00e7\u00e3o Dashcam voltado para a frente de 2 canais<\/p>","protected":false},"featured_media":628,"template":"","meta":{"_acf_changed":false},"product_cat":[19,39],"product_tag":[],"class_list":{"0":"post-1442","1":"product","2":"type-product","3":"status-publish","4":"has-post-thumbnail","6":"product_cat-video-recording-systems","7":"product_cat-dash-cameras","9":"first","10":"instock","11":"taxable","12":"shipping-taxable","13":"purchasable","14":"product-type-simple"},"acf":[],"_links":{"self":[{"href":"https:\/\/www.trafficangel.co.uk\/pt\/wp-json\/wp\/v2\/product\/1442","targetHints":{"allow":["GET"]}}],"collection":[{"href":"https:\/\/www.trafficangel.co.uk\/pt\/wp-json\/wp\/v2\/product"}],"about":[{"href":"https:\/\/www.trafficangel.co.uk\/pt\/wp-json\/wp\/v2\/types\/product"}],"wp:featuredmedia":[{"embeddable":true,"href":"https:\/\/www.trafficangel.co.uk\/pt\/wp-json\/wp\/v2\/media\/628"}],"wp:attachment":[{"href":"https:\/\/www.trafficangel.co.uk\/pt\/wp-json\/wp\/v2\/media?parent=1442"}],"wp:term":[{"taxonomy":"product_cat","embeddable":true,"href":"https:\/\/www.trafficangel.co.uk\/pt\/wp-json\/wp\/v2\/product_cat?post=1442"},{"taxonomy":"product_tag","embeddable":true,"href":"https:\/\/www.trafficangel.co.uk\/pt\/wp-json\/wp\/v2\/product_tag?post=1442"}],"curies":[{"name":"wp","href":"https:\/\/api.w.org\/{rel}","templated":true}]}}