{"id":1427,"date":"2024-01-19T12:49:39","date_gmt":"2024-01-19T12:49:39","guid":{"rendered":"http:\/\/traffic-angel.local\/product\/24-12v-voltage-dropper-red-black-ip-op-wires\/"},"modified":"2025-10-20T09:20:04","modified_gmt":"2025-10-20T09:20:04","slug":"24v-to-12v-voltage-dropper-red-black-ip-op-wires","status":"publish","type":"product","link":"https:\/\/www.trafficangel.co.uk\/pt\/produto-2\/24v-to-12v-voltage-dropper-red-black-ip-op-wires\/","title":{"rendered":"Conta-gotas de tens\u00e3o de 24 V a 12 V, fios IP\/OP vermelhos + pretos"},"content":{"rendered":"<p>O Dropper de Tens\u00e3o de 24 V para 12 V reduz com seguran\u00e7a a pot\u00eancia de 24 V do ve\u00edculo para 12 V, permitindo o funcionamento de equipamentos de 12 V em ve\u00edculos comerciais. Com fia\u00e7\u00e3o de entrada\/sa\u00edda vermelha e preta simples, \u00e9 f\u00e1cil de instalar e ideal para alimentar <a href=\"https:\/\/www.trafficangel.co.uk\/pt\/cameras\/\" target=\"_blank\" rel=\"noopener\">c\u00e2meras<\/a>, <a href=\"https:\/\/www.trafficangel.co.uk\/pt\/monitores\/\" target=\"_blank\" rel=\"noopener\">monitores<\/a>, e <a href=\"https:\/\/www.trafficangel.co.uk\/pt\/sistema-de-seguranca-progressivo\/\" target=\"_blank\" rel=\"noopener\">sistemas de seguran\u00e7a<\/a>.<\/p>","protected":false},"excerpt":{"rendered":"<p>O Dropper de Voltagem de 24 V para 12 V reduz com seguran\u00e7a a pot\u00eancia de 24 V do ve\u00edculo para 12 V, permitindo que equipamentos de 12 V funcionem em ve\u00edculos comerciais.<\/p>","protected":false},"featured_media":498,"template":"","meta":{"_acf_changed":false},"product_cat":[26,28],"product_tag":[],"class_list":{"0":"post-1427","1":"product","2":"type-product","3":"status-publish","4":"has-post-thumbnail","6":"product_cat-cables-accessories","7":"product_cat-miscellaneous","9":"first","10":"instock","11":"taxable","12":"shipping-taxable","13":"purchasable","14":"product-type-simple"},"acf":[],"_links":{"self":[{"href":"https:\/\/www.trafficangel.co.uk\/pt\/wp-json\/wp\/v2\/product\/1427","targetHints":{"allow":["GET"]}}],"collection":[{"href":"https:\/\/www.trafficangel.co.uk\/pt\/wp-json\/wp\/v2\/product"}],"about":[{"href":"https:\/\/www.trafficangel.co.uk\/pt\/wp-json\/wp\/v2\/types\/product"}],"wp:featuredmedia":[{"embeddable":true,"href":"https:\/\/www.trafficangel.co.uk\/pt\/wp-json\/wp\/v2\/media\/498"}],"wp:attachment":[{"href":"https:\/\/www.trafficangel.co.uk\/pt\/wp-json\/wp\/v2\/media?parent=1427"}],"wp:term":[{"taxonomy":"product_cat","embeddable":true,"href":"https:\/\/www.trafficangel.co.uk\/pt\/wp-json\/wp\/v2\/product_cat?post=1427"},{"taxonomy":"product_tag","embeddable":true,"href":"https:\/\/www.trafficangel.co.uk\/pt\/wp-json\/wp\/v2\/product_tag?post=1427"}],"curies":[{"name":"wp","href":"https:\/\/api.w.org\/{rel}","templated":true}]}}