{"id":1424,"date":"2024-01-19T12:49:39","date_gmt":"2024-01-19T12:49:39","guid":{"rendered":"http:\/\/traffic-angel.local\/product\/dc-male-plug-with-short-tail\/"},"modified":"2025-10-20T09:16:39","modified_gmt":"2025-10-20T09:16:39","slug":"plugue-macho-dc-com-cauda-curta","status":"publish","type":"product","link":"https:\/\/www.trafficangel.co.uk\/pt\/produto-2\/plugue-macho-dc-com-cauda-curta\/","title":{"rendered":"Plugue macho DC com cauda curta"},"content":{"rendered":"<p>O plugue macho CC com ponta curta fornece uma conex\u00e3o de energia simples e segura para equipamentos de seguran\u00e7a veicular. Seu cabo curto o torna ideal para instala\u00e7\u00f5es compactas onde o espa\u00e7o \u00e9 limitado, ajudando a manter a fia\u00e7\u00e3o organizada e organizada. Projetado para durabilidade, garante um fornecimento de energia est\u00e1vel para <a href=\"https:\/\/www.trafficangel.co.uk\/pt\/cameras\/\" target=\"_blank\" rel=\"noopener\">c\u00e2meras<\/a>, <a href=\"https:\/\/www.trafficangel.co.uk\/pt\/monitores\/\" target=\"_blank\" rel=\"noopener\">monitores<\/a>, e outros sistemas de 12 V em ve\u00edculos de frota.<\/p>","protected":false},"excerpt":{"rendered":"<p>O plugue macho CC com ponta curta fornece uma conex\u00e3o de energia simples e segura para equipamentos de seguran\u00e7a do ve\u00edculo.<\/p>","protected":false},"featured_media":491,"template":"","meta":{"_acf_changed":false},"product_cat":[26,28],"product_tag":[],"class_list":{"0":"post-1424","1":"product","2":"type-product","3":"status-publish","4":"has-post-thumbnail","6":"product_cat-cables-accessories","7":"product_cat-miscellaneous","9":"first","10":"instock","11":"taxable","12":"shipping-taxable","13":"purchasable","14":"product-type-simple"},"acf":[],"_links":{"self":[{"href":"https:\/\/www.trafficangel.co.uk\/pt\/wp-json\/wp\/v2\/product\/1424","targetHints":{"allow":["GET"]}}],"collection":[{"href":"https:\/\/www.trafficangel.co.uk\/pt\/wp-json\/wp\/v2\/product"}],"about":[{"href":"https:\/\/www.trafficangel.co.uk\/pt\/wp-json\/wp\/v2\/types\/product"}],"wp:featuredmedia":[{"embeddable":true,"href":"https:\/\/www.trafficangel.co.uk\/pt\/wp-json\/wp\/v2\/media\/491"}],"wp:attachment":[{"href":"https:\/\/www.trafficangel.co.uk\/pt\/wp-json\/wp\/v2\/media?parent=1424"}],"wp:term":[{"taxonomy":"product_cat","embeddable":true,"href":"https:\/\/www.trafficangel.co.uk\/pt\/wp-json\/wp\/v2\/product_cat?post=1424"},{"taxonomy":"product_tag","embeddable":true,"href":"https:\/\/www.trafficangel.co.uk\/pt\/wp-json\/wp\/v2\/product_tag?post=1424"}],"curies":[{"name":"wp","href":"https:\/\/api.w.org\/{rel}","templated":true}]}}