{"id":1415,"date":"2024-01-19T12:49:35","date_gmt":"2024-01-19T12:49:35","guid":{"rendered":"http:\/\/traffic-angel.local\/product\/citysafe-left-turn-audible-alarm-spoken-message-with-amber-strobes\/"},"modified":"2025-10-20T09:10:18","modified_gmt":"2025-10-20T09:10:18","slug":"alarme-sonoro-de-conversao-a-esquerda-citysafe-mensagem-falada-com-luzes-estroboscopicas-ambar","status":"publish","type":"product","link":"https:\/\/www.trafficangel.co.uk\/pt\/produto-2\/alarme-sonoro-de-conversao-a-esquerda-citysafe-mensagem-falada-com-luzes-estroboscopicas-ambar\/","title":{"rendered":"Alarme sonoro de curva \u00e0 esquerda CitySafe \u2013 Mensagem falada com luzes estrobosc\u00f3picas \u00e2mbar"},"content":{"rendered":"<p>O Alarme Sonoro de Convers\u00e3o \u00e0 Esquerda CitySafe, com mensagem falada e luzes estrobosc\u00f3picas \u00e2mbar, emite avisos visuais e sonoros para alertar pedestres e ciclistas quando um ve\u00edculo est\u00e1 virando \u00e0 esquerda. A mensagem falada clara ajuda os usu\u00e1rios vulner\u00e1veis da via a compreender o movimento do ve\u00edculo, enquanto as luzes estrobosc\u00f3picas \u00e2mbar fornecem um sinal sonoro de alta visibilidade para maior conscientiza\u00e7\u00e3o, mesmo com pouca luz ou mau tempo. Projetado para atender \u00e0s normas DVS, FORS e CLOCS, este sistema combinado oferece uma solu\u00e7\u00e3o eficaz para melhorar a seguran\u00e7a em ambientes urbanos movimentados.<\/p>","protected":false},"excerpt":{"rendered":"<p>Alarme sonoro de curva \u00e0 esquerda CitySafe \u2013 Mensagem falada com luzes estrobosc\u00f3picas \u00e2mbar<\/p>","protected":false},"featured_media":2203,"template":"","meta":{"_acf_changed":false},"product_cat":[33,34],"product_tag":[],"class_list":{"0":"post-1415","1":"product","2":"type-product","3":"status-publish","4":"has-post-thumbnail","6":"product_cat-alarms","7":"product_cat-turn-alarms","9":"first","10":"instock","11":"taxable","12":"shipping-taxable","13":"purchasable","14":"product-type-simple"},"acf":[],"_links":{"self":[{"href":"https:\/\/www.trafficangel.co.uk\/pt\/wp-json\/wp\/v2\/product\/1415","targetHints":{"allow":["GET"]}}],"collection":[{"href":"https:\/\/www.trafficangel.co.uk\/pt\/wp-json\/wp\/v2\/product"}],"about":[{"href":"https:\/\/www.trafficangel.co.uk\/pt\/wp-json\/wp\/v2\/types\/product"}],"wp:featuredmedia":[{"embeddable":true,"href":"https:\/\/www.trafficangel.co.uk\/pt\/wp-json\/wp\/v2\/media\/2203"}],"wp:attachment":[{"href":"https:\/\/www.trafficangel.co.uk\/pt\/wp-json\/wp\/v2\/media?parent=1415"}],"wp:term":[{"taxonomy":"product_cat","embeddable":true,"href":"https:\/\/www.trafficangel.co.uk\/pt\/wp-json\/wp\/v2\/product_cat?post=1415"},{"taxonomy":"product_tag","embeddable":true,"href":"https:\/\/www.trafficangel.co.uk\/pt\/wp-json\/wp\/v2\/product_tag?post=1415"}],"curies":[{"name":"wp","href":"https:\/\/api.w.org\/{rel}","templated":true}]}}