{"id":1405,"date":"2024-01-19T12:49:32","date_gmt":"2024-01-19T12:49:32","guid":{"rendered":"http:\/\/traffic-angel.local\/product\/20m-trailer-extension-cable-4-pin-male-4-pin-female\/"},"modified":"2025-10-20T08:56:00","modified_gmt":"2025-10-20T08:56:00","slug":"cabo-de-extensao-de-reboque-de-20-m-4-pinos-macho-4-pinos-femea","status":"publish","type":"product","link":"https:\/\/www.trafficangel.co.uk\/pt\/produto-2\/cabo-de-extensao-de-reboque-de-20-m-4-pinos-macho-4-pinos-femea\/","title":{"rendered":"Cabo de extens\u00e3o\/reboque de 20 m (macho de 4 pinos \u2013 f\u00eamea de 4 pinos)"},"content":{"rendered":"<p>O Cabo de Extens\u00e3o para Reboque\/Extens\u00e3o de 20 m (4 pinos macho \u2013 4 pinos f\u00eamea) oferece uma solu\u00e7\u00e3o confi\u00e1vel para estender as conex\u00f5es do sistema de c\u00e2meras em reboques longos, caminh\u00f5es articulados e ve\u00edculos especializados. Com seu comprimento de 20 metros, ele proporciona transmiss\u00e3o segura de v\u00eddeo e energia entre <a href=\"https:\/\/www.trafficangel.co.uk\/pt\/cameras\/\">c\u00e2meras<\/a> e <a href=\"https:\/\/www.trafficangel.co.uk\/pt\/monitores\/\">monitores<\/a>, mesmo em longas dist\u00e2ncias. Os conectores dur\u00e1veis de 4 pinos garantem uma conex\u00e3o est\u00e1vel, minimizando a perda de sinal e mantendo a qualidade de v\u00eddeo n\u00edtida.<\/p>\n<p>Projetado para ambientes de frota dif\u00edceis, este cabo de extens\u00e3o \u00e9 ideal para operadores de transporte, log\u00edstica e ve\u00edculos comerciais que precisam de desempenho confi\u00e1vel do sistema de c\u00e2mera.<\/p>\n<p>Leve, com apenas 776 g, mas constru\u00eddo para suportar ambientes dif\u00edceis, este cabo de extens\u00e3o suporta instala\u00e7\u00f5es de c\u00e2meras de n\u00edvel profissional e integra-se perfeitamente aos sistemas da Traffic Angel. Assim como todos os nossos cabos, os pedidos feitos antes das 13h s\u00e3o despachados no mesmo dia via entrega DPD no dia seguinte, e est\u00e1 dispon\u00edvel com nosso Servi\u00e7o de Prepara\u00e7\u00e3o para otimizar a efici\u00eancia da instala\u00e7\u00e3o e reduzir o tempo de inatividade.<\/p>","protected":false},"excerpt":{"rendered":"<p>O cabo de extens\u00e3o\/reboque de 20 m (4 pinos macho \u2013 4 pinos f\u00eamea) oferece uma solu\u00e7\u00e3o confi\u00e1vel para estender as conex\u00f5es do sistema de c\u00e2mera em reboques longos, caminh\u00f5es articulados e ve\u00edculos especializados.<\/p>","protected":false},"featured_media":2352,"template":"","meta":{"_acf_changed":false},"product_cat":[26,27],"product_tag":[],"class_list":{"0":"post-1405","1":"product","2":"type-product","3":"status-publish","4":"has-post-thumbnail","6":"product_cat-cables-accessories","7":"product_cat-camera-trailer-cables","9":"first","10":"instock","11":"taxable","12":"shipping-taxable","13":"purchasable","14":"product-type-simple"},"acf":[],"_links":{"self":[{"href":"https:\/\/www.trafficangel.co.uk\/pt\/wp-json\/wp\/v2\/product\/1405","targetHints":{"allow":["GET"]}}],"collection":[{"href":"https:\/\/www.trafficangel.co.uk\/pt\/wp-json\/wp\/v2\/product"}],"about":[{"href":"https:\/\/www.trafficangel.co.uk\/pt\/wp-json\/wp\/v2\/types\/product"}],"wp:featuredmedia":[{"embeddable":true,"href":"https:\/\/www.trafficangel.co.uk\/pt\/wp-json\/wp\/v2\/media\/2352"}],"wp:attachment":[{"href":"https:\/\/www.trafficangel.co.uk\/pt\/wp-json\/wp\/v2\/media?parent=1405"}],"wp:term":[{"taxonomy":"product_cat","embeddable":true,"href":"https:\/\/www.trafficangel.co.uk\/pt\/wp-json\/wp\/v2\/product_cat?post=1405"},{"taxonomy":"product_tag","embeddable":true,"href":"https:\/\/www.trafficangel.co.uk\/pt\/wp-json\/wp\/v2\/product_tag?post=1405"}],"curies":[{"name":"wp","href":"https:\/\/api.w.org\/{rel}","templated":true}]}}