{"id":1402,"date":"2024-01-19T12:49:32","date_gmt":"2024-01-19T12:49:32","guid":{"rendered":"http:\/\/traffic-angel.local\/product\/15m-camera-cable-4-pin-male-rca-male-dc-female\/"},"modified":"2025-10-20T08:53:16","modified_gmt":"2025-10-20T08:53:16","slug":"15m-camera-cable-4-pin-male-rca-male-dc-female","status":"publish","type":"product","link":"https:\/\/www.trafficangel.co.uk\/pt\/produto-2\/15m-camera-cable-4-pin-male-rca-male-dc-female\/","title":{"rendered":"Cabo de c\u00e2mera de 15 m (4 pinos macho \u2013 RCA macho e DC f\u00eamea)"},"content":{"rendered":"<p>O cabo de c\u00e2mera de 15 metros do Traffic Angel (macho de 4 pinos \u2013 macho RCA e f\u00eamea DC) (pe\u00e7a n\u00ba CC15W) oferece uma conex\u00e3o confi\u00e1vel e de longo alcance para cabine ou marcha \u00e0 r\u00e9 <a href=\"https:\/\/www.trafficangel.co.uk\/pt\/cameras\/\">c\u00e2meras<\/a>.<\/p>\n<p>O n\u00facleo blindado mant\u00e9m os sinais de v\u00eddeo n\u00edtidos por longos per\u00edodos, enquanto os conectores RCA\/DC e de 4 pinos estilo avia\u00e7\u00e3o garantem uma montagem segura e de n\u00edvel profissional. Com 529 g, \u00e9 leve e robusto, ideal para uso industrial e atende \u00e0s necessidades de frotas comerciais. Fornecido pronto para despacho no mesmo dia se o pedido for feito antes das 13h e compat\u00edvel com nosso Servi\u00e7o de Prepara\u00e7\u00e3o, ele agiliza a instala\u00e7\u00e3o e oferece desempenho consistente em ambientes exigentes.<\/p>","protected":false},"excerpt":{"rendered":"<p>Cabo de c\u00e2mera de 15 m (macho de 4 pinos \u2013 RCA macho e DC f\u00eamea)<\/p>","protected":false},"featured_media":2351,"template":"","meta":{"_acf_changed":false},"product_cat":[26,27],"product_tag":[],"class_list":{"0":"post-1402","1":"product","2":"type-product","3":"status-publish","4":"has-post-thumbnail","6":"product_cat-cables-accessories","7":"product_cat-camera-trailer-cables","9":"first","10":"instock","11":"taxable","12":"shipping-taxable","13":"purchasable","14":"product-type-simple"},"acf":[],"_links":{"self":[{"href":"https:\/\/www.trafficangel.co.uk\/pt\/wp-json\/wp\/v2\/product\/1402","targetHints":{"allow":["GET"]}}],"collection":[{"href":"https:\/\/www.trafficangel.co.uk\/pt\/wp-json\/wp\/v2\/product"}],"about":[{"href":"https:\/\/www.trafficangel.co.uk\/pt\/wp-json\/wp\/v2\/types\/product"}],"wp:featuredmedia":[{"embeddable":true,"href":"https:\/\/www.trafficangel.co.uk\/pt\/wp-json\/wp\/v2\/media\/2351"}],"wp:attachment":[{"href":"https:\/\/www.trafficangel.co.uk\/pt\/wp-json\/wp\/v2\/media?parent=1402"}],"wp:term":[{"taxonomy":"product_cat","embeddable":true,"href":"https:\/\/www.trafficangel.co.uk\/pt\/wp-json\/wp\/v2\/product_cat?post=1402"},{"taxonomy":"product_tag","embeddable":true,"href":"https:\/\/www.trafficangel.co.uk\/pt\/wp-json\/wp\/v2\/product_tag?post=1402"}],"curies":[{"name":"wp","href":"https:\/\/api.w.org\/{rel}","templated":true}]}}