{"id":1396,"date":"2024-01-19T12:49:29","date_gmt":"2024-01-19T12:49:29","guid":{"rendered":"http:\/\/traffic-angel.local\/product\/can-bus-connection-interface-for-dvs-systems\/"},"modified":"2025-10-20T08:49:30","modified_gmt":"2025-10-20T08:49:30","slug":"interface-de-conexao-de-barramento-can-para-sistemas-dvs-pss","status":"publish","type":"product","link":"https:\/\/www.trafficangel.co.uk\/pt\/produto-2\/interface-de-conexao-de-barramento-can-para-sistemas-dvs-pss\/","title":{"rendered":"Interface de conex\u00e3o de barramento CAN para sistemas DVS \/ PSS"},"content":{"rendered":"<p>A Interface de Conex\u00e3o de Barramento CAN para Sistemas DVS\/PSS permite a integra\u00e7\u00e3o perfeita dos equipamentos de seguran\u00e7a do ve\u00edculo com os sistemas eletr\u00f4nicos do ve\u00edculo. Projetada para funcionar com <a href=\"https:\/\/www.trafficangel.co.uk\/pt\/sistema-de-seguranca-progressivo-2024\/\" target=\"_blank\" rel=\"noopener\">Instala\u00e7\u00f5es do Sistema de Seguran\u00e7a Progressivo (PSS)<\/a>, ela fornece uma conex\u00e3o segura com o barramento CAN, permitindo a ativa\u00e7\u00e3o precisa de recursos de seguran\u00e7a, como detec\u00e7\u00e3o de ponto cego, alertas de convers\u00e3o e sistemas de c\u00e2meras. F\u00e1cil de instalar e totalmente compat\u00edvel com ve\u00edculos comerciais modernos, essa interface garante que os sistemas de seguran\u00e7a operem precisamente quando necess\u00e1rio, ajudando as frotas a manter a conformidade e a proteger os usu\u00e1rios vulner\u00e1veis das vias.<\/p>","protected":false},"excerpt":{"rendered":"<p>A interface de conex\u00e3o de barramento CAN para sistemas DVS\/PSS permite a integra\u00e7\u00e3o perfeita do equipamento de seguran\u00e7a do ve\u00edculo com os sistemas eletr\u00f4nicos do ve\u00edculo.<\/p>","protected":false},"featured_media":420,"template":"","meta":{"_acf_changed":false},"product_cat":[26,902],"product_tag":[],"class_list":{"0":"post-1396","1":"product","2":"type-product","3":"status-publish","4":"has-post-thumbnail","6":"product_cat-cables-accessories","7":"product_cat-wiring-kits","9":"first","10":"instock","11":"taxable","12":"shipping-taxable","13":"purchasable","14":"product-type-simple"},"acf":[],"_links":{"self":[{"href":"https:\/\/www.trafficangel.co.uk\/pt\/wp-json\/wp\/v2\/product\/1396","targetHints":{"allow":["GET"]}}],"collection":[{"href":"https:\/\/www.trafficangel.co.uk\/pt\/wp-json\/wp\/v2\/product"}],"about":[{"href":"https:\/\/www.trafficangel.co.uk\/pt\/wp-json\/wp\/v2\/types\/product"}],"wp:featuredmedia":[{"embeddable":true,"href":"https:\/\/www.trafficangel.co.uk\/pt\/wp-json\/wp\/v2\/media\/420"}],"wp:attachment":[{"href":"https:\/\/www.trafficangel.co.uk\/pt\/wp-json\/wp\/v2\/media?parent=1396"}],"wp:term":[{"taxonomy":"product_cat","embeddable":true,"href":"https:\/\/www.trafficangel.co.uk\/pt\/wp-json\/wp\/v2\/product_cat?post=1396"},{"taxonomy":"product_tag","embeddable":true,"href":"https:\/\/www.trafficangel.co.uk\/pt\/wp-json\/wp\/v2\/product_tag?post=1396"}],"curies":[{"name":"wp","href":"https:\/\/api.w.org\/{rel}","templated":true}]}}