{"id":1386,"date":"2024-01-19T12:49:26","date_gmt":"2024-01-19T12:49:26","guid":{"rendered":"http:\/\/traffic-angel.local\/product\/64gb-microsd-card-with-adapter\/"},"modified":"2025-10-20T08:40:23","modified_gmt":"2025-10-20T08:40:23","slug":"cartao-microsd-de-64gb-com-adaptador","status":"publish","type":"product","link":"https:\/\/www.trafficangel.co.uk\/pt\/produto-2\/cartao-microsd-de-64gb-com-adaptador\/","title":{"rendered":"Cart\u00e3o microSD de 64 GB com adaptador"},"content":{"rendered":"<p>O cart\u00e3o microSD de 64 GB com adaptador oferece armazenamento confi\u00e1vel para sistemas de c\u00e2meras veiculares e DVRs. Com ampla capacidade para grava\u00e7\u00f5es de v\u00eddeo de alta qualidade, ele garante que as imagens sejam armazenadas com seguran\u00e7a e de f\u00e1cil acesso quando necess\u00e1rio. O adaptador incluso permite o uso flex\u00edvel em diferentes dispositivos, tornando-o uma solu\u00e7\u00e3o de armazenamento pr\u00e1tica para operadores de frotas.<\/p>","protected":false},"excerpt":{"rendered":"<p>O cart\u00e3o microSD de 64 GB com adaptador fornece armazenamento confi\u00e1vel para sistemas de c\u00e2meras de ve\u00edculos e DVRs.<\/p>","protected":false},"featured_media":2202,"template":"","meta":{"_acf_changed":false},"product_cat":[19,83],"product_tag":[],"class_list":{"0":"post-1386","1":"product","2":"type-product","3":"status-publish","4":"has-post-thumbnail","6":"product_cat-video-recording-systems","7":"product_cat-accessories-video-recording-systems","9":"first","10":"instock","11":"taxable","12":"shipping-taxable","13":"purchasable","14":"product-type-simple"},"acf":[],"_links":{"self":[{"href":"https:\/\/www.trafficangel.co.uk\/pt\/wp-json\/wp\/v2\/product\/1386","targetHints":{"allow":["GET"]}}],"collection":[{"href":"https:\/\/www.trafficangel.co.uk\/pt\/wp-json\/wp\/v2\/product"}],"about":[{"href":"https:\/\/www.trafficangel.co.uk\/pt\/wp-json\/wp\/v2\/types\/product"}],"wp:featuredmedia":[{"embeddable":true,"href":"https:\/\/www.trafficangel.co.uk\/pt\/wp-json\/wp\/v2\/media\/2202"}],"wp:attachment":[{"href":"https:\/\/www.trafficangel.co.uk\/pt\/wp-json\/wp\/v2\/media?parent=1386"}],"wp:term":[{"taxonomy":"product_cat","embeddable":true,"href":"https:\/\/www.trafficangel.co.uk\/pt\/wp-json\/wp\/v2\/product_cat?post=1386"},{"taxonomy":"product_tag","embeddable":true,"href":"https:\/\/www.trafficangel.co.uk\/pt\/wp-json\/wp\/v2\/product_tag?post=1386"}],"curies":[{"name":"wp","href":"https:\/\/api.w.org\/{rel}","templated":true}]}}